{"id":8959,"date":"2026-04-21T08:34:26","date_gmt":"2026-04-21T06:34:26","guid":{"rendered":"https:\/\/centrum-konwersacji.com\/?page_id=8959"},"modified":"2026-04-21T08:54:05","modified_gmt":"2026-04-21T06:54:05","slug":"polecana-szkola-wloskiego-w-wenecji","status":"publish","type":"page","link":"https:\/\/centrum-konwersacji.com\/?page_id=8959","title":{"rendered":"Polecana szko\u0142a w\u0142oskiego w Wenecji"},"content":{"rendered":"\t\t<div data-elementor-type=\"wp-page\" data-elementor-id=\"8959\" class=\"elementor elementor-8959\">\n\t\t\t\t\t\t\t\t\t<section class=\"elementor-section elementor-top-section elementor-element elementor-element-7f1f74a elementor-section-full_width elementor-section-height-default elementor-section-height-default\" data-id=\"7f1f74a\" data-element_type=\"section\" data-settings=\"{&quot;background_background&quot;:&quot;classic&quot;}\">\n\t\t\t\t\t\t\t<div class=\"elementor-background-overlay\"><\/div>\n\t\t\t\t\t\t\t<div class=\"elementor-container elementor-column-gap-default\">\n\t\t\t\t\t<div class=\"elementor-column elementor-col-100 elementor-top-column elementor-element elementor-element-1d6d90b\" data-id=\"1d6d90b\" data-element_type=\"column\">\n\t\t\t<div class=\"elementor-widget-wrap elementor-element-populated\">\n\t\t\t\t\t\t\t\t<section class=\"elementor-section elementor-inner-section elementor-element elementor-element-1d2ac21 elementor-section-boxed elementor-section-height-default elementor-section-height-default\" data-id=\"1d2ac21\" data-element_type=\"section\">\n\t\t\t\t\t\t<div class=\"elementor-container elementor-column-gap-default\">\n\t\t\t\t\t<div class=\"elementor-column elementor-col-100 elementor-inner-column elementor-element elementor-element-5062512\" data-id=\"5062512\" data-element_type=\"column\">\n\t\t\t<div class=\"elementor-widget-wrap elementor-element-populated\">\n\t\t\t\t\t\t\t\t<div class=\"elementor-element elementor-element-3ee836e elementor-widget elementor-widget-heading\" data-id=\"3ee836e\" data-element_type=\"widget\" data-widget_type=\"heading.default\">\n\t\t\t\t<div class=\"elementor-widget-container\">\n\t\t\t<style>\/*! elementor - v3.12.2 - 23-04-2023 *\/\n.elementor-heading-title{padding:0;margin:0;line-height:1}.elementor-widget-heading .elementor-heading-title[class*=elementor-size-]>a{color:inherit;font-size:inherit;line-height:inherit}.elementor-widget-heading .elementor-heading-title.elementor-size-small{font-size:15px}.elementor-widget-heading .elementor-heading-title.elementor-size-medium{font-size:19px}.elementor-widget-heading .elementor-heading-title.elementor-size-large{font-size:29px}.elementor-widget-heading .elementor-heading-title.elementor-size-xl{font-size:39px}.elementor-widget-heading .elementor-heading-title.elementor-size-xxl{font-size:59px}<\/style><span class=\"elementor-heading-title elementor-size-default\">Kameralna szko\u0142a j\u0119zyka w\u0142oskiego w sercu Wenecji i Triestu<\/span>\t\t<\/div>\n\t\t\t\t<\/div>\n\t\t\t\t<div class=\"elementor-element elementor-element-93291bf elementor-widget elementor-widget-heading\" data-id=\"93291bf\" data-element_type=\"widget\" data-widget_type=\"heading.default\">\n\t\t\t\t<div class=\"elementor-widget-container\">\n\t\t\t<h2 class=\"elementor-heading-title elementor-size-default\">Polecana szko\u0142a w\u0142oskiego w Wenecji<\/h2>\t\t<\/div>\n\t\t\t\t<\/div>\n\t\t\t\t<div class=\"elementor-element elementor-element-9815115 elementor-widget elementor-widget-text-editor\" data-id=\"9815115\" data-element_type=\"widget\" data-widget_type=\"text-editor.default\">\n\t\t\t\t<div class=\"elementor-widget-container\">\n\t\t\t<style>\/*! elementor - v3.12.2 - 23-04-2023 *\/\n.elementor-widget-text-editor.elementor-drop-cap-view-stacked .elementor-drop-cap{background-color:#69727d;color:#fff}.elementor-widget-text-editor.elementor-drop-cap-view-framed .elementor-drop-cap{color:#69727d;border:3px solid;background-color:transparent}.elementor-widget-text-editor:not(.elementor-drop-cap-view-default) .elementor-drop-cap{margin-top:8px}.elementor-widget-text-editor:not(.elementor-drop-cap-view-default) .elementor-drop-cap-letter{width:1em;height:1em}.elementor-widget-text-editor .elementor-drop-cap{float:left;text-align:center;line-height:1;font-size:50px}.elementor-widget-text-editor .elementor-drop-cap-letter{display:inline-block}<\/style>\t\t\t\t<p>Je\u015bli marzysz o nauce j\u0119zyka za granic\u0105, szczeg\u00f3lnie polecamy wyj\u0105tkow\u0105 szko\u0142\u0119, sprawdzon\u0105 przez nas pod k\u0105tem jako\u015bci nauczania i niepowtarzalnej atmosfery, zlokalizowan\u0105 w samym centrum obu tych historycznych miast.<\/p>\t\t\t\t\t\t<\/div>\n\t\t\t\t<\/div>\n\t\t\t\t\t<\/div>\n\t\t<\/div>\n\t\t\t\t\t\t\t<\/div>\n\t\t<\/section>\n\t\t\t\t\t<\/div>\n\t\t<\/div>\n\t\t\t\t\t\t\t<\/div>\n\t\t<\/section>\n\t\t\t\t<section class=\"elementor-section elementor-top-section elementor-element elementor-element-4191160 elementor-section-boxed elementor-section-height-default elementor-section-height-default\" data-id=\"4191160\" data-element_type=\"section\" data-settings=\"{&quot;background_background&quot;:&quot;classic&quot;}\">\n\t\t\t\t\t\t<div class=\"elementor-container elementor-column-gap-default\">\n\t\t\t\t\t<div class=\"elementor-column elementor-col-100 elementor-top-column elementor-element elementor-element-baaa83b\" data-id=\"baaa83b\" data-element_type=\"column\">\n\t\t\t<div class=\"elementor-widget-wrap elementor-element-populated\">\n\t\t\t\t\t\t\t\t<section class=\"elementor-section elementor-inner-section elementor-element elementor-element-141a7cb elementor-section-boxed elementor-section-height-default elementor-section-height-default\" data-id=\"141a7cb\" data-element_type=\"section\">\n\t\t\t\t\t\t<div class=\"elementor-container elementor-column-gap-default\">\n\t\t\t\t\t<div class=\"elementor-column elementor-col-100 elementor-inner-column elementor-element elementor-element-9f14e33\" data-id=\"9f14e33\" data-element_type=\"column\">\n\t\t\t<div class=\"elementor-widget-wrap elementor-element-populated\">\n\t\t\t\t\t\t\t\t<div class=\"elementor-element elementor-element-63d6386 elementor-widget elementor-widget-heading\" data-id=\"63d6386\" data-element_type=\"widget\" data-widget_type=\"heading.default\">\n\t\t\t\t<div class=\"elementor-widget-container\">\n\t\t\t<span class=\"elementor-heading-title elementor-size-default\">Wyj\u0105tkowa szko\u0142a j\u0119zykowa<\/span>\t\t<\/div>\n\t\t\t\t<\/div>\n\t\t\t\t<div class=\"elementor-element elementor-element-4ce3e7b elementor-widget elementor-widget-heading\" data-id=\"4ce3e7b\" data-element_type=\"widget\" data-widget_type=\"heading.default\">\n\t\t\t\t<div class=\"elementor-widget-container\">\n\t\t\t<h2 class=\"elementor-heading-title elementor-size-default\">Dlaczego rekomendujemy t\u0119 szko\u0142\u0119?<\/h2>\t\t<\/div>\n\t\t\t\t<\/div>\n\t\t\t\t\t<\/div>\n\t\t<\/div>\n\t\t\t\t\t\t\t<\/div>\n\t\t<\/section>\n\t\t\t\t<section class=\"elementor-section elementor-inner-section elementor-element elementor-element-fd76a6a elementor-section-boxed elementor-section-height-default elementor-section-height-default\" data-id=\"fd76a6a\" data-element_type=\"section\">\n\t\t\t\t\t\t<div class=\"elementor-container elementor-column-gap-extended\">\n\t\t\t\t\t<div class=\"elementor-column elementor-col-50 elementor-inner-column elementor-element elementor-element-02e3831\" data-id=\"02e3831\" data-element_type=\"column\">\n\t\t\t<div class=\"elementor-widget-wrap elementor-element-populated\">\n\t\t\t\t\t\t\t\t<div class=\"elementor-element elementor-element-414904c elementor-view-default elementor-mobile-position-top elementor-vertical-align-top elementor-widget elementor-widget-icon-box\" data-id=\"414904c\" data-element_type=\"widget\" data-widget_type=\"icon-box.default\">\n\t\t\t\t<div class=\"elementor-widget-container\">\n\t\t\t<link rel=\"stylesheet\" href=\"https:\/\/centrum-konwersacji.com\/wp-content\/plugins\/elementor\/assets\/css\/widget-icon-box.min.css\">\t\t<div class=\"elementor-icon-box-wrapper\">\n\t\t\t\t\t\t<div class=\"elementor-icon-box-icon\">\n\t\t\t\t<span class=\"elementor-icon elementor-animation-\" >\n\t\t\t\t<i aria-hidden=\"true\" class=\"icon icon-award\"><\/i>\t\t\t\t<\/span>\n\t\t\t<\/div>\n\t\t\t\t\t\t<div class=\"elementor-icon-box-content\">\n\t\t\t\t<h3 class=\"elementor-icon-box-title\">\n\t\t\t\t\t<span  >\n\t\t\t\t\t\tSprawdzone przez nas miejsce specjalnie dla Ciebie\t\t\t\t\t<\/span>\n\t\t\t\t<\/h3>\n\t\t\t\t\t\t\t\t\t<p class=\"elementor-icon-box-description\">\n\t\t\t\t\t\tKa\u017cdy kursant od razu czuje si\u0119 cz\u0119\u015bci\u0105 spo\u0142eczno\u015bci szko\u0142y. Zorganizowa\u0142y\u015bmy spotkanie z zarz\u0105dzaj\u0105cymi szko\u0142\u0105 W\u0142ochami, odwiedzi\u0142y\u015bmy t\u0119 niezwykle klimatyczn\u0105 plac\u00f3wk\u0119 i widzia\u0142y\u015bmy, jak organizowane s\u0105 zaj\u0119cia. To miejsce, gdzie profesjonalizm lektor\u00f3w idzie w parze z w\u0142osk\u0105 serdeczno\u015bci\u0105.\t\t\t\t\t<\/p>\n\t\t\t\t\t\t\t<\/div>\n\t\t<\/div>\n\t\t\t\t<\/div>\n\t\t\t\t<\/div>\n\t\t\t\t\t<\/div>\n\t\t<\/div>\n\t\t\t\t<div class=\"elementor-column elementor-col-50 elementor-inner-column elementor-element elementor-element-3da9dee\" data-id=\"3da9dee\" data-element_type=\"column\">\n\t\t\t<div class=\"elementor-widget-wrap elementor-element-populated\">\n\t\t\t\t\t\t\t\t<div class=\"elementor-element elementor-element-c8a8ffd elementor-view-default elementor-mobile-position-top elementor-vertical-align-top elementor-widget elementor-widget-icon-box\" data-id=\"c8a8ffd\" data-element_type=\"widget\" data-widget_type=\"icon-box.default\">\n\t\t\t\t<div class=\"elementor-widget-container\">\n\t\t\t\t\t<div class=\"elementor-icon-box-wrapper\">\n\t\t\t\t\t\t<div class=\"elementor-icon-box-icon\">\n\t\t\t\t<span class=\"elementor-icon elementor-animation-\" >\n\t\t\t\t<i aria-hidden=\"true\" class=\"icon icon-teacher1\"><\/i>\t\t\t\t<\/span>\n\t\t\t<\/div>\n\t\t\t\t\t\t<div class=\"elementor-icon-box-content\">\n\t\t\t\t<h3 class=\"elementor-icon-box-title\">\n\t\t\t\t\t<span  >\n\t\t\t\t\t\tKameralno\u015b\u0107, kt\u00f3r\u0105 poczujesz od pierwszych zaj\u0119\u0107\t\t\t\t\t<\/span>\n\t\t\t\t<\/h3>\n\t\t\t\t\t\t\t\t\t<p class=\"elementor-icon-box-description\">\n\t\t\t\t\t\tNauka odbywa si\u0119 w bardzo ma\u0142ych grupach, co wp\u0142ywa na komfort pracy. Tutaj nikt nie jest anonimowy \u2013 masz mn\u00f3stwo przestrzeni na swobodn\u0105 rozmow\u0119, a lektor mo\u017ce po\u015bwi\u0119ci\u0107 Ci dok\u0142adnie tyle uwagi, ile potrzebujesz. Istnieje r\u00f3wnie\u017c mo\u017cliwo\u015b\u0107 dokupienia indywidualnych zaj\u0119\u0107.\t\t\t\t\t<\/p>\n\t\t\t\t\t\t\t<\/div>\n\t\t<\/div>\n\t\t\t\t<\/div>\n\t\t\t\t<\/div>\n\t\t\t\t\t<\/div>\n\t\t<\/div>\n\t\t\t\t\t\t\t<\/div>\n\t\t<\/section>\n\t\t\t\t<section class=\"elementor-section elementor-inner-section elementor-element elementor-element-e3ef7dc elementor-section-boxed elementor-section-height-default elementor-section-height-default\" data-id=\"e3ef7dc\" data-element_type=\"section\">\n\t\t\t\t\t\t<div class=\"elementor-container elementor-column-gap-extended\">\n\t\t\t\t\t<div class=\"elementor-column elementor-col-50 elementor-inner-column elementor-element elementor-element-a17e39a\" data-id=\"a17e39a\" data-element_type=\"column\">\n\t\t\t<div class=\"elementor-widget-wrap elementor-element-populated\">\n\t\t\t\t\t\t\t\t<div class=\"elementor-element elementor-element-cf98906 elementor-view-default elementor-mobile-position-top elementor-vertical-align-top elementor-widget elementor-widget-icon-box\" data-id=\"cf98906\" data-element_type=\"widget\" data-widget_type=\"icon-box.default\">\n\t\t\t\t<div class=\"elementor-widget-container\">\n\t\t\t\t\t<div class=\"elementor-icon-box-wrapper\">\n\t\t\t\t\t\t<div class=\"elementor-icon-box-icon\">\n\t\t\t\t<span class=\"elementor-icon elementor-animation-\" >\n\t\t\t\t<i aria-hidden=\"true\" class=\"icon icon-globe\"><\/i>\t\t\t\t<\/span>\n\t\t\t<\/div>\n\t\t\t\t\t\t<div class=\"elementor-icon-box-content\">\n\t\t\t\t<h3 class=\"elementor-icon-box-title\">\n\t\t\t\t\t<span  >\n\t\t\t\t\t\tDwa miasta, dwa r\u00f3\u017cne oblicza Italii\t\t\t\t\t<\/span>\n\t\t\t\t<\/h3>\n\t\t\t\t\t\t\t\t\t<p class=\"elementor-icon-box-description\">\n\t\t\t\t\t\tMo\u017cesz uczy\u0107 si\u0119 w legendarnej Wenecji,\ngdzie sztuka i historia otaczaj\u0105 Ci\u0119 na ka\u017cdym kroku lub wybra\u0107 Triest, mniej turystyczn\u0105 per\u0142\u0119 Adriatyku, idealn\u0105 dla os\u00f3b, szukaj\u0105cych elegancji, spokoju i autentycznego w\u0142oskiego rytmu bez tysi\u0119cy turyst\u00f3w wok\u00f3\u0142.\t\t\t\t\t<\/p>\n\t\t\t\t\t\t\t<\/div>\n\t\t<\/div>\n\t\t\t\t<\/div>\n\t\t\t\t<\/div>\n\t\t\t\t\t<\/div>\n\t\t<\/div>\n\t\t\t\t<div class=\"elementor-column elementor-col-50 elementor-inner-column elementor-element elementor-element-aa5c970\" data-id=\"aa5c970\" data-element_type=\"column\">\n\t\t\t<div class=\"elementor-widget-wrap elementor-element-populated\">\n\t\t\t\t\t\t\t\t<div class=\"elementor-element elementor-element-75ce79c elementor-view-default elementor-mobile-position-top elementor-vertical-align-top elementor-widget elementor-widget-icon-box\" data-id=\"75ce79c\" data-element_type=\"widget\" data-widget_type=\"icon-box.default\">\n\t\t\t\t<div class=\"elementor-widget-container\">\n\t\t\t\t\t<div class=\"elementor-icon-box-wrapper\">\n\t\t\t\t\t\t<div class=\"elementor-icon-box-icon\">\n\t\t\t\t<span class=\"elementor-icon elementor-animation-\" >\n\t\t\t\t<i aria-hidden=\"true\" class=\"icon icon-education1\"><\/i>\t\t\t\t<\/span>\n\t\t\t<\/div>\n\t\t\t\t\t\t<div class=\"elementor-icon-box-content\">\n\t\t\t\t<h3 class=\"elementor-icon-box-title\">\n\t\t\t\t\t<span  >\n\t\t\t\t\t\tJ\u0119zyk, kt\u00f3rego do\u015bwiadczasz wszystkimi zmys\u0142ami.\t\t\t\t\t<\/span>\n\t\t\t\t<\/h3>\n\t\t\t\t\t\t\t\t\t<p class=\"elementor-icon-box-description\">\n\t\t\t\t\t\tSzko\u0142a s\u0142ynie z tego, \u017ce uczy w\u0142oskiego poprzez wsp\u00f3lne gotowanie, spacery z przewodnikiem po ukrytych zakamarkach miasta czy jednodniowe wycieczki.\t\t\t\t\t<\/p>\n\t\t\t\t\t\t\t<\/div>\n\t\t<\/div>\n\t\t\t\t<\/div>\n\t\t\t\t<\/div>\n\t\t\t\t\t<\/div>\n\t\t<\/div>\n\t\t\t\t\t\t\t<\/div>\n\t\t<\/section>\n\t\t\t\t<section class=\"elementor-section elementor-inner-section elementor-element elementor-element-f5c4dab elementor-section-boxed elementor-section-height-default elementor-section-height-default\" data-id=\"f5c4dab\" data-element_type=\"section\">\n\t\t\t\t\t\t<div class=\"elementor-container elementor-column-gap-extended\">\n\t\t\t\t\t<div class=\"elementor-column elementor-col-100 elementor-inner-column elementor-element elementor-element-2daa335\" data-id=\"2daa335\" data-element_type=\"column\">\n\t\t\t<div class=\"elementor-widget-wrap elementor-element-populated\">\n\t\t\t\t\t\t\t\t<div class=\"elementor-element elementor-element-75b4107 elementor-view-default elementor-mobile-position-top elementor-vertical-align-top elementor-widget elementor-widget-icon-box\" data-id=\"75b4107\" data-element_type=\"widget\" data-widget_type=\"icon-box.default\">\n\t\t\t\t<div class=\"elementor-widget-container\">\n\t\t\t\t\t<div class=\"elementor-icon-box-wrapper\">\n\t\t\t\t\t\t<div class=\"elementor-icon-box-icon\">\n\t\t\t\t<span class=\"elementor-icon elementor-animation-\" >\n\t\t\t\t<i aria-hidden=\"true\" class=\"icon icon-teacher\"><\/i>\t\t\t\t<\/span>\n\t\t\t<\/div>\n\t\t\t\t\t\t<div class=\"elementor-icon-box-content\">\n\t\t\t\t<h3 class=\"elementor-icon-box-title\">\n\t\t\t\t\t<span  >\n\t\t\t\t\t\tWsparcie, kt\u00f3re wykracza poza sal\u0119 lekcyjn\u0105\t\t\t\t\t<\/span>\n\t\t\t\t<\/h3>\n\t\t\t\t\t\t\t\t\t<p class=\"elementor-icon-box-description\">\n\t\t\t\t\t\tSzko\u0142a pomaga r\u00f3wnie\u017c w znalezieniu sprawdzonego zakwaterowania \u2013 od go\u015bcinnych lokalnych mieszka\u0144c\u00f3w po domy studenckie. Dzi\u0119ki temu od pierwszego dnia poczujesz si\u0119 jak prawdziwy mieszkaniec Italii, a nie tylko turysta.\t\t\t\t\t<\/p>\n\t\t\t\t\t\t\t<\/div>\n\t\t<\/div>\n\t\t\t\t<\/div>\n\t\t\t\t<\/div>\n\t\t\t\t<div class=\"elementor-element elementor-element-aba92a5 elementor-widget elementor-widget-text-editor\" data-id=\"aba92a5\" data-element_type=\"widget\" data-widget_type=\"text-editor.default\">\n\t\t\t\t<div class=\"elementor-widget-container\">\n\t\t\t\t\t\t\t<p><strong>To nasza sprawdzona propozycja dla ka\u017cdego, kto chce po\u0142\u0105czy\u0107 efektywny rozw\u00f3j j\u0119zykowy z niezapomnianymi wakacjami w jednym z najpi\u0119kniejszych region\u00f3w Europy.<\/strong><\/p>\t\t\t\t\t\t<\/div>\n\t\t\t\t<\/div>\n\t\t\t\t\t<\/div>\n\t\t<\/div>\n\t\t\t\t\t\t\t<\/div>\n\t\t<\/section>\n\t\t\t\t<section class=\"elementor-section elementor-inner-section elementor-element elementor-element-8bb12c6 elementor-section-full_width elementor-section-height-default elementor-section-height-default\" data-id=\"8bb12c6\" data-element_type=\"section\">\n\t\t\t\t\t\t<div class=\"elementor-container elementor-column-gap-extended\">\n\t\t\t\t\t<div class=\"elementor-column elementor-col-100 elementor-inner-column elementor-element elementor-element-78e957e\" data-id=\"78e957e\" data-element_type=\"column\">\n\t\t\t<div class=\"elementor-widget-wrap elementor-element-populated\">\n\t\t\t\t\t\t\t\t<div class=\"elementor-element elementor-element-b24be68 elementor-widget elementor-widget-omexer-webinar-box\" data-id=\"b24be68\" data-element_type=\"widget\" data-widget_type=\"omexer-webinar-box.default\">\n\t\t\t\t<div class=\"elementor-widget-container\">\n\t\t\t        <div class=\"webinar-box-wrap\">\n\t\t\t\t\t\t            <div class=\"webinar-content\">\n\t\t\t\t\t\t\t\t\t\t\t\t\t                \t<h3><a href=\"https:\/\/centrum-konwersacji.com\/\/?page_id=913\">Chcesz pozna\u0107 szczeg\u00f3\u0142y oferty?<\/a><\/h3>\n\t\t\t\t\t\t\t\t\t\t\t\t\t\t\t\t\t\t\t\t\t<p>Skontaktuj si\u0119 z nami \u2013 jako partnerzy szko\u0142y, pomo\u017cemy Ci zaplanowa\u0107 Tw\u00f3j idealny wyjazd!<\/p>\n\t\t\t\t\t\t\t\t\t\t\t\t<div class=\"webinar-btn\">\n\t\t\t\t\t\t\t\t\t\t<a href=\"https:\/\/centrum-konwersacji.com\/\/?page_id=913\"  >Skontaktuj si\u0119<\/a>\n\t\t\t\t<\/div>\n\t\t\t\t            <\/div>\n\t\t\t        <\/div>\n        \t\t<\/div>\n\t\t\t\t<\/div>\n\t\t\t\t\t<\/div>\n\t\t<\/div>\n\t\t\t\t\t\t\t<\/div>\n\t\t<\/section>\n\t\t\t\t\t<\/div>\n\t\t<\/div>\n\t\t\t\t\t\t\t<\/div>\n\t\t<\/section>\n\t\t\t\t<section class=\"elementor-section elementor-top-section elementor-element elementor-element-9a438df elementor-section-boxed elementor-section-height-default elementor-section-height-default\" data-id=\"9a438df\" data-element_type=\"section\">\n\t\t\t\t\t\t<div class=\"elementor-container elementor-column-gap-default\">\n\t\t\t\t\t<div class=\"elementor-column elementor-col-100 elementor-top-column elementor-element elementor-element-dc53d64\" data-id=\"dc53d64\" data-element_type=\"column\">\n\t\t\t<div class=\"elementor-widget-wrap\">\n\t\t\t\t\t\t\t\t\t<\/div>\n\t\t<\/div>\n\t\t\t\t\t\t\t<\/div>\n\t\t<\/section>\n\t\t\t\t\t\t\t<\/div>\n\t\t","protected":false},"excerpt":{"rendered":"<p>Kameralna szko\u0142a j\u0119zyka w\u0142oskiego w sercu Wenecji i Triestu Polecana szko\u0142a w\u0142oskiego w Wenecji Je\u015bli marzysz o nauce j\u0119zyka za granic\u0105, szczeg\u00f3lnie polecamy wyj\u0105tkow\u0105 szko\u0142\u0119, sprawdzon\u0105 przez nas pod k\u0105tem jako\u015bci nauczania i niepowtarzalnej atmosfery, zlokalizowan\u0105 w samym centrum obu tych historycznych miast. Wyj\u0105tkowa szko\u0142a j\u0119zykowa Dlaczego rekomendujemy t\u0119 szko\u0142\u0119? Sprawdzone przez nas miejsce specjalnie [&hellip;]<\/p>\n","protected":false},"author":1,"featured_media":0,"parent":0,"menu_order":0,"comment_status":"closed","ping_status":"closed","template":"elementor_header_footer","meta":{"_mi_skip_tracking":false,"footnotes":""},"class_list":["post-8959","page","type-page","status-publish","hentry"],"yoast_head":"<!-- This site is optimized with the Yoast SEO plugin v19.0 - https:\/\/yoast.com\/wordpress\/plugins\/seo\/ -->\n<title>Polecana szko\u0142a w\u0142oskiego w Wenecji - Centrum Konwersacji<\/title>\n<meta name=\"robots\" content=\"index, follow, max-snippet:-1, max-image-preview:large, max-video-preview:-1\" \/>\n<link rel=\"canonical\" href=\"https:\/\/centrum-konwersacji.com\/?page_id=8959\" \/>\n<meta property=\"og:locale\" content=\"pl_PL\" \/>\n<meta property=\"og:type\" content=\"article\" \/>\n<meta property=\"og:title\" content=\"Polecana szko\u0142a w\u0142oskiego w Wenecji - Centrum Konwersacji\" \/>\n<meta property=\"og:description\" content=\"Kameralna szko\u0142a j\u0119zyka w\u0142oskiego w sercu Wenecji i Triestu Polecana szko\u0142a w\u0142oskiego w Wenecji Je\u015bli marzysz o nauce j\u0119zyka za granic\u0105, szczeg\u00f3lnie polecamy wyj\u0105tkow\u0105 szko\u0142\u0119, sprawdzon\u0105 przez nas pod k\u0105tem jako\u015bci nauczania i niepowtarzalnej atmosfery, zlokalizowan\u0105 w samym centrum obu tych historycznych miast. Wyj\u0105tkowa szko\u0142a j\u0119zykowa Dlaczego rekomendujemy t\u0119 szko\u0142\u0119? Sprawdzone przez nas miejsce specjalnie [&hellip;]\" \/>\n<meta property=\"og:url\" content=\"https:\/\/centrum-konwersacji.com\/?page_id=8959\" \/>\n<meta property=\"og:site_name\" content=\"Centrum Konwersacji\" \/>\n<meta property=\"article:modified_time\" content=\"2026-04-21T06:54:05+00:00\" \/>\n<meta name=\"twitter:card\" content=\"summary_large_image\" \/>\n<meta name=\"twitter:label1\" content=\"Szacowany czas czytania\" \/>\n\t<meta name=\"twitter:data1\" content=\"2 minuty\" \/>\n<script type=\"application\/ld+json\" class=\"yoast-schema-graph\">{\"@context\":\"https:\/\/schema.org\",\"@graph\":[{\"@type\":\"WebSite\",\"@id\":\"https:\/\/centrum-konwersacji.com\/#website\",\"url\":\"https:\/\/centrum-konwersacji.com\/\",\"name\":\"Centrum Konwersacji\",\"description\":\"Szko\u0142a j\u0119zykowa\",\"potentialAction\":[{\"@type\":\"SearchAction\",\"target\":{\"@type\":\"EntryPoint\",\"urlTemplate\":\"https:\/\/centrum-konwersacji.com\/?s={search_term_string}\"},\"query-input\":\"required name=search_term_string\"}],\"inLanguage\":\"pl-PL\"},{\"@type\":\"WebPage\",\"@id\":\"https:\/\/centrum-konwersacji.com\/?page_id=8959#webpage\",\"url\":\"https:\/\/centrum-konwersacji.com\/?page_id=8959\",\"name\":\"Polecana szko\u0142a w\u0142oskiego w Wenecji - Centrum Konwersacji\",\"isPartOf\":{\"@id\":\"https:\/\/centrum-konwersacji.com\/#website\"},\"datePublished\":\"2026-04-21T06:34:26+00:00\",\"dateModified\":\"2026-04-21T06:54:05+00:00\",\"breadcrumb\":{\"@id\":\"https:\/\/centrum-konwersacji.com\/?page_id=8959#breadcrumb\"},\"inLanguage\":\"pl-PL\",\"potentialAction\":[{\"@type\":\"ReadAction\",\"target\":[\"https:\/\/centrum-konwersacji.com\/?page_id=8959\"]}]},{\"@type\":\"BreadcrumbList\",\"@id\":\"https:\/\/centrum-konwersacji.com\/?page_id=8959#breadcrumb\",\"itemListElement\":[{\"@type\":\"ListItem\",\"position\":1,\"name\":\"Home\",\"item\":\"https:\/\/centrum-konwersacji.com\/\"},{\"@type\":\"ListItem\",\"position\":2,\"name\":\"Polecana szko\u0142a w\u0142oskiego w Wenecji\"}]}]}<\/script>\n<!-- \/ Yoast SEO plugin. -->","yoast_head_json":{"title":"Polecana szko\u0142a w\u0142oskiego w Wenecji - Centrum Konwersacji","robots":{"index":"index","follow":"follow","max-snippet":"max-snippet:-1","max-image-preview":"max-image-preview:large","max-video-preview":"max-video-preview:-1"},"canonical":"https:\/\/centrum-konwersacji.com\/?page_id=8959","og_locale":"pl_PL","og_type":"article","og_title":"Polecana szko\u0142a w\u0142oskiego w Wenecji - Centrum Konwersacji","og_description":"Kameralna szko\u0142a j\u0119zyka w\u0142oskiego w sercu Wenecji i Triestu Polecana szko\u0142a w\u0142oskiego w Wenecji Je\u015bli marzysz o nauce j\u0119zyka za granic\u0105, szczeg\u00f3lnie polecamy wyj\u0105tkow\u0105 szko\u0142\u0119, sprawdzon\u0105 przez nas pod k\u0105tem jako\u015bci nauczania i niepowtarzalnej atmosfery, zlokalizowan\u0105 w samym centrum obu tych historycznych miast. Wyj\u0105tkowa szko\u0142a j\u0119zykowa Dlaczego rekomendujemy t\u0119 szko\u0142\u0119? Sprawdzone przez nas miejsce specjalnie [&hellip;]","og_url":"https:\/\/centrum-konwersacji.com\/?page_id=8959","og_site_name":"Centrum Konwersacji","article_modified_time":"2026-04-21T06:54:05+00:00","twitter_card":"summary_large_image","twitter_misc":{"Szacowany czas czytania":"2 minuty"},"schema":{"@context":"https:\/\/schema.org","@graph":[{"@type":"WebSite","@id":"https:\/\/centrum-konwersacji.com\/#website","url":"https:\/\/centrum-konwersacji.com\/","name":"Centrum Konwersacji","description":"Szko\u0142a j\u0119zykowa","potentialAction":[{"@type":"SearchAction","target":{"@type":"EntryPoint","urlTemplate":"https:\/\/centrum-konwersacji.com\/?s={search_term_string}"},"query-input":"required name=search_term_string"}],"inLanguage":"pl-PL"},{"@type":"WebPage","@id":"https:\/\/centrum-konwersacji.com\/?page_id=8959#webpage","url":"https:\/\/centrum-konwersacji.com\/?page_id=8959","name":"Polecana szko\u0142a w\u0142oskiego w Wenecji - Centrum Konwersacji","isPartOf":{"@id":"https:\/\/centrum-konwersacji.com\/#website"},"datePublished":"2026-04-21T06:34:26+00:00","dateModified":"2026-04-21T06:54:05+00:00","breadcrumb":{"@id":"https:\/\/centrum-konwersacji.com\/?page_id=8959#breadcrumb"},"inLanguage":"pl-PL","potentialAction":[{"@type":"ReadAction","target":["https:\/\/centrum-konwersacji.com\/?page_id=8959"]}]},{"@type":"BreadcrumbList","@id":"https:\/\/centrum-konwersacji.com\/?page_id=8959#breadcrumb","itemListElement":[{"@type":"ListItem","position":1,"name":"Home","item":"https:\/\/centrum-konwersacji.com\/"},{"@type":"ListItem","position":2,"name":"Polecana szko\u0142a w\u0142oskiego w Wenecji"}]}]}},"_links":{"self":[{"href":"https:\/\/centrum-konwersacji.com\/index.php?rest_route=\/wp\/v2\/pages\/8959","targetHints":{"allow":["GET"]}}],"collection":[{"href":"https:\/\/centrum-konwersacji.com\/index.php?rest_route=\/wp\/v2\/pages"}],"about":[{"href":"https:\/\/centrum-konwersacji.com\/index.php?rest_route=\/wp\/v2\/types\/page"}],"author":[{"embeddable":true,"href":"https:\/\/centrum-konwersacji.com\/index.php?rest_route=\/wp\/v2\/users\/1"}],"replies":[{"embeddable":true,"href":"https:\/\/centrum-konwersacji.com\/index.php?rest_route=%2Fwp%2Fv2%2Fcomments&post=8959"}],"version-history":[{"count":35,"href":"https:\/\/centrum-konwersacji.com\/index.php?rest_route=\/wp\/v2\/pages\/8959\/revisions"}],"predecessor-version":[{"id":8995,"href":"https:\/\/centrum-konwersacji.com\/index.php?rest_route=\/wp\/v2\/pages\/8959\/revisions\/8995"}],"wp:attachment":[{"href":"https:\/\/centrum-konwersacji.com\/index.php?rest_route=%2Fwp%2Fv2%2Fmedia&parent=8959"}],"curies":[{"name":"wp","href":"https:\/\/api.w.org\/{rel}","templated":true}]}}