{"id":808,"date":"2021-03-28T12:12:32","date_gmt":"2021-03-28T12:12:32","guid":{"rendered":"https:\/\/omexer.com\/tf\/wp\/omexo\/?page_id=808"},"modified":"2025-11-24T16:32:11","modified_gmt":"2025-11-24T15:32:11","slug":"instructors","status":"publish","type":"page","link":"https:\/\/centrum-konwersacji.com\/?page_id=808","title":{"rendered":"Nauczyciele"},"content":{"rendered":"\t\t<div data-elementor-type=\"wp-page\" data-elementor-id=\"808\" class=\"elementor elementor-808\">\n\t\t\t\t\t\t\t\t\t<section class=\"elementor-section elementor-top-section elementor-element elementor-element-f1654f3 elementor-section-boxed elementor-section-height-default elementor-section-height-default\" data-id=\"f1654f3\" data-element_type=\"section\" data-settings=\"{&quot;background_background&quot;:&quot;classic&quot;}\">\n\t\t\t\t\t\t<div class=\"elementor-container elementor-column-gap-default\">\n\t\t\t\t\t<div class=\"elementor-column elementor-col-100 elementor-top-column elementor-element elementor-element-0ddffcf\" data-id=\"0ddffcf\" data-element_type=\"column\">\n\t\t\t<div class=\"elementor-widget-wrap elementor-element-populated\">\n\t\t\t\t\t\t\t\t<div class=\"elementor-element elementor-element-2dbef27 elementor-widget elementor-widget-heading\" data-id=\"2dbef27\" data-element_type=\"widget\" data-widget_type=\"heading.default\">\n\t\t\t\t<div class=\"elementor-widget-container\">\n\t\t\t<style>\/*! elementor - v3.12.2 - 23-04-2023 *\/\n.elementor-heading-title{padding:0;margin:0;line-height:1}.elementor-widget-heading .elementor-heading-title[class*=elementor-size-]>a{color:inherit;font-size:inherit;line-height:inherit}.elementor-widget-heading .elementor-heading-title.elementor-size-small{font-size:15px}.elementor-widget-heading .elementor-heading-title.elementor-size-medium{font-size:19px}.elementor-widget-heading .elementor-heading-title.elementor-size-large{font-size:29px}.elementor-widget-heading .elementor-heading-title.elementor-size-xl{font-size:39px}.elementor-widget-heading .elementor-heading-title.elementor-size-xxl{font-size:59px}<\/style><h2 class=\"elementor-heading-title elementor-size-default\">Nauczyciele<\/h2>\t\t<\/div>\n\t\t\t\t<\/div>\n\t\t\t\t<div class=\"elementor-element elementor-element-cd56a0c elementor-widget elementor-widget-text-editor\" data-id=\"cd56a0c\" data-element_type=\"widget\" data-widget_type=\"text-editor.default\">\n\t\t\t\t<div class=\"elementor-widget-container\">\n\t\t\t<style>\/*! elementor - v3.12.2 - 23-04-2023 *\/\n.elementor-widget-text-editor.elementor-drop-cap-view-stacked .elementor-drop-cap{background-color:#69727d;color:#fff}.elementor-widget-text-editor.elementor-drop-cap-view-framed .elementor-drop-cap{color:#69727d;border:3px solid;background-color:transparent}.elementor-widget-text-editor:not(.elementor-drop-cap-view-default) .elementor-drop-cap{margin-top:8px}.elementor-widget-text-editor:not(.elementor-drop-cap-view-default) .elementor-drop-cap-letter{width:1em;height:1em}.elementor-widget-text-editor .elementor-drop-cap{float:left;text-align:center;line-height:1;font-size:50px}.elementor-widget-text-editor .elementor-drop-cap-letter{display:inline-block}<\/style>\t\t\t\t<p>Jeste\u015bmy kilkunastoosobowym, zgranym zespo\u0142em nauczycieli i pasjonat\u00f3w nauczania j\u0119zyk\u00f3w obcych, kt\u00f3rzy od wielu lat wsp\u00f3\u0142pracuj\u0105c ze sob\u0105 na co dzie\u0144, tworz\u0105 to wyj\u0105tkowe miejsce, jakim jest nasze Centrum Konwersacji.<\/p><p>S\u0105 w\u015br\u00f3d nas: wyk\u0142adowcy akademiccy, egzaminatorzy maturalni, nauczyciele szk\u00f3\u0142 podstawowych i \u015brednich, lektorzy o wieloletnim do\u015bwiadczeniu w pracy za granic\u0105, a jednocze\u015bnie ludzie o ogromnej empatii i pogodnym, otwartym usposobieniu. Mo\u017cemy poszczyci\u0107 si\u0119 lektorami ucz\u0105cymi 2, a nawet 3 j\u0119zyk\u00f3w obcych, czym udowadniamy, \u017ce j\u0119zyka obcego naprawd\u0119 da si\u0119 skutecznie nauczy\u0107.<\/p>\t\t\t\t\t\t<\/div>\n\t\t\t\t<\/div>\n\t\t\t\t<section class=\"elementor-section elementor-inner-section elementor-element elementor-element-443d3b3 elementor-section-full_width elementor-section-height-default elementor-section-height-default\" data-id=\"443d3b3\" data-element_type=\"section\">\n\t\t\t\t\t\t<div class=\"elementor-container elementor-column-gap-extended\">\n\t\t\t\t\t<div class=\"elementor-column elementor-col-33 elementor-inner-column elementor-element elementor-element-7c9cf78\" data-id=\"7c9cf78\" data-element_type=\"column\">\n\t\t\t<div class=\"elementor-widget-wrap elementor-element-populated\">\n\t\t\t\t\t\t\t\t<div class=\"elementor-element elementor-element-941c3e2 elementor-widget elementor-widget-omexer-team-member\" data-id=\"941c3e2\" data-element_type=\"widget\" data-widget_type=\"omexer-team-member.default\">\n\t\t\t\t<div class=\"elementor-widget-container\">\n\t\t\t\n\t\t<div class=\"member-wrap\">\n\t\t\t<div class=\"member-image\">\n\t\t\t\t\t\t\t\t\t<figure class=\"member-figure\">\n\t\t\t\t\t\t<img decoding=\"async\" src=\"https:\/\/centrum-konwersacji.com\/wp-content\/uploads\/elementor\/thumbs\/ewa-q81uwf8e809fmxxt0tmkqncelx1hct49s0ogs56agm.jpeg\" title=\"ewa\" alt=\"ewa\" class=\"elementor-animation-disable-animation\" loading=\"lazy\" \/>\t\t\t\t\t<\/figure>\n\t\t\t\t\t\t\t\t\t\t\t<\/div>\n\n\t\t\t<div class=\"member-body\">\n\t\t\t\t\t\t\t\t\t\t\t\t\t<h4 class=\"member-name\"><a href=\"https:\/\/centrum-konwersacji.com\/\/?page_id=7006\">Ewa<\/a><\/h4>\n\t\t\t\t\n\t\t\t\t\t\t\t\t\t<div class=\"member-position\">Lektor j\u0119zyka w\u0142oskiego i angielskiego<\/div>\n\t\t\t\t\n\t\t\t\t\t\t\t<\/div>\n\t\t<\/div>\n\t\t\t\t<\/div>\n\t\t\t\t<\/div>\n\t\t\t\t\t<\/div>\n\t\t<\/div>\n\t\t\t\t<div class=\"elementor-column elementor-col-33 elementor-inner-column elementor-element elementor-element-89fde05\" data-id=\"89fde05\" data-element_type=\"column\">\n\t\t\t<div class=\"elementor-widget-wrap elementor-element-populated\">\n\t\t\t\t\t\t\t\t<div class=\"elementor-element elementor-element-b414755 elementor-widget elementor-widget-omexer-team-member\" data-id=\"b414755\" data-element_type=\"widget\" data-widget_type=\"omexer-team-member.default\">\n\t\t\t\t<div class=\"elementor-widget-container\">\n\t\t\t\n\t\t<div class=\"member-wrap\">\n\t\t\t<div class=\"member-image\">\n\t\t\t\t\t\t\t\t\t<figure class=\"member-figure\">\n\t\t\t\t\t\t<img decoding=\"async\" src=\"https:\/\/centrum-konwersacji.com\/wp-content\/uploads\/elementor\/thumbs\/Hania_-q81uwoms4cmav1k5hxoufkz0jrr5hs5l5b7bkwscqe.png\" title=\"Hania_\" alt=\"Hania_\" class=\"elementor-animation-disable-animation\" loading=\"lazy\" \/>\t\t\t\t\t<\/figure>\n\t\t\t\t\t\t\t\t\t\t\t<\/div>\n\n\t\t\t<div class=\"member-body\">\n\t\t\t\t\t\t\t\t\t\t\t\t\t<h4 class=\"member-name\"><a href=\"https:\/\/centrum-konwersacji.com\/\/?page_id=7022\">Hanna<\/a><\/h4>\n\t\t\t\t\n\t\t\t\t\t\t\t\t\t<div class=\"member-position\">Lektor j\u0119zyka angielskiego i niemieckiego<\/div>\n\t\t\t\t\n\t\t\t\t\t\t\t<\/div>\n\t\t<\/div>\n\t\t\t\t<\/div>\n\t\t\t\t<\/div>\n\t\t\t\t\t<\/div>\n\t\t<\/div>\n\t\t\t\t<div class=\"elementor-column elementor-col-33 elementor-inner-column elementor-element elementor-element-b29de74\" data-id=\"b29de74\" data-element_type=\"column\">\n\t\t\t<div class=\"elementor-widget-wrap elementor-element-populated\">\n\t\t\t\t\t\t\t\t<div class=\"elementor-element elementor-element-311b981 elementor-widget elementor-widget-omexer-team-member\" data-id=\"311b981\" data-element_type=\"widget\" data-widget_type=\"omexer-team-member.default\">\n\t\t\t\t<div class=\"elementor-widget-container\">\n\t\t\t\n\t\t<div class=\"member-wrap\">\n\t\t\t<div class=\"member-image\">\n\t\t\t\t\t\t\t\t\t<figure class=\"member-figure\">\n\t\t\t\t\t\t<img decoding=\"async\" src=\"https:\/\/centrum-konwersacji.com\/wp-content\/uploads\/elementor\/thumbs\/IMG_2574-q81ux4m1cj86cewxwmli3yxunbke4mx0viakqm4nsm.jpeg\" title=\"IMG_2574\" alt=\"IMG_2574\" class=\"elementor-animation-disable-animation\" loading=\"lazy\" \/>\t\t\t\t\t<\/figure>\n\t\t\t\t\t\t\t\t\t\t\t<\/div>\n\n\t\t\t<div class=\"member-body\">\n\t\t\t\t\t\t\t\t\t\t\t\t\t<h4 class=\"member-name\"><a href=\"https:\/\/centrum-konwersacji.com\/\/?page_id=7035\">Joanna<\/a><\/h4>\n\t\t\t\t\n\t\t\t\t\t\t\t\t\t<div class=\"member-position\">Lektor j\u0119zyka angielskiego, wyk\u0142adowca akademicki<\/div>\n\t\t\t\t\n\t\t\t\t\t\t\t<\/div>\n\t\t<\/div>\n\t\t\t\t<\/div>\n\t\t\t\t<\/div>\n\t\t\t\t\t<\/div>\n\t\t<\/div>\n\t\t\t\t\t\t\t<\/div>\n\t\t<\/section>\n\t\t\t\t<section class=\"elementor-section elementor-inner-section elementor-element elementor-element-14e40e4 elementor-section-full_width elementor-section-height-default elementor-section-height-default\" data-id=\"14e40e4\" data-element_type=\"section\">\n\t\t\t\t\t\t<div class=\"elementor-container elementor-column-gap-extended\">\n\t\t\t\t\t<div class=\"elementor-column elementor-col-33 elementor-inner-column elementor-element elementor-element-01924f7\" data-id=\"01924f7\" data-element_type=\"column\">\n\t\t\t<div class=\"elementor-widget-wrap elementor-element-populated\">\n\t\t\t\t\t\t\t\t<div class=\"elementor-element elementor-element-a153ba4 elementor-widget elementor-widget-omexer-team-member\" data-id=\"a153ba4\" data-element_type=\"widget\" data-widget_type=\"omexer-team-member.default\">\n\t\t\t\t<div class=\"elementor-widget-container\">\n\t\t\t\n\t\t<div class=\"member-wrap\">\n\t\t\t<div class=\"member-image\">\n\t\t\t\t\t\t\t\t\t<figure class=\"member-figure\">\n\t\t\t\t\t\t<img decoding=\"async\" src=\"https:\/\/centrum-konwersacji.com\/wp-content\/uploads\/elementor\/thumbs\/FB_IMG_1674653123262-q81uwi1wsidalrtpkcugg4mse2nkzwfgsemx7z23xy.jpg\" title=\"FB_IMG_1674653123262\" alt=\"FB_IMG_1674653123262\" class=\"elementor-animation-disable-animation\" loading=\"lazy\" \/>\t\t\t\t\t<\/figure>\n\t\t\t\t\t\t\t\t\t\t\t<\/div>\n\n\t\t\t<div class=\"member-body\">\n\t\t\t\t\t\t\t\t\t\t\t\t\t<h4 class=\"member-name\"><a href=\"https:\/\/centrum-konwersacji.com\/\/?page_id=7049\">Katarzyna<\/a><\/h4>\n\t\t\t\t\n\t\t\t\t\t\t\t\t\t<div class=\"member-position\">Lektor j\u0119zyka rosyjskiego     <\/div>\n\t\t\t\t\n\t\t\t\t\t\t\t<\/div>\n\t\t<\/div>\n\t\t\t\t<\/div>\n\t\t\t\t<\/div>\n\t\t\t\t\t<\/div>\n\t\t<\/div>\n\t\t\t\t<div class=\"elementor-column elementor-col-33 elementor-inner-column elementor-element elementor-element-d26116a\" data-id=\"d26116a\" data-element_type=\"column\">\n\t\t\t<div class=\"elementor-widget-wrap elementor-element-populated\">\n\t\t\t\t\t\t\t\t<div class=\"elementor-element elementor-element-2b13e27 elementor-widget elementor-widget-omexer-team-member\" data-id=\"2b13e27\" data-element_type=\"widget\" data-widget_type=\"omexer-team-member.default\">\n\t\t\t\t<div class=\"elementor-widget-container\">\n\t\t\t\n\t\t<div class=\"member-wrap\">\n\t\t\t<div class=\"member-image\">\n\t\t\t\t\t\t\t\t\t<figure class=\"member-figure\">\n\t\t\t\t\t\t<img decoding=\"async\" src=\"https:\/\/centrum-konwersacji.com\/wp-content\/uploads\/elementor\/thumbs\/JPP_5154-Edit-Edit-684x1024-1-q81uyyeqmxq8x49d8f1dyic48ak33g68gjykbzf3p2.jpeg\" title=\"JPP_5154-Edit-Edit-684&#215;1024\" alt=\"JPP_5154-Edit-Edit-684x1024\" class=\"elementor-animation-disable-animation\" loading=\"lazy\" \/>\t\t\t\t\t<\/figure>\n\t\t\t\t\t\t\t\t\t\t\t<\/div>\n\n\t\t\t<div class=\"member-body\">\n\t\t\t\t\t\t\t\t\t\t\t\t\t<h4 class=\"member-name\"><a href=\"https:\/\/centrum-konwersacji.com\/\/?page_id=6962\">Magda P<\/a><\/h4>\n\t\t\t\t\n\t\t\t\t\t\t\t\t\t<div class=\"member-position\">Lektor j\u0119zyka angielskiego, francuskiego, hiszpa\u0144skiego, egzaminator maturalny<\/div>\n\t\t\t\t\n\t\t\t\t\t\t\t<\/div>\n\t\t<\/div>\n\t\t\t\t<\/div>\n\t\t\t\t<\/div>\n\t\t\t\t\t<\/div>\n\t\t<\/div>\n\t\t\t\t<div class=\"elementor-column elementor-col-33 elementor-inner-column elementor-element elementor-element-d27cd0f\" data-id=\"d27cd0f\" data-element_type=\"column\">\n\t\t\t<div class=\"elementor-widget-wrap elementor-element-populated\">\n\t\t\t\t\t\t\t\t<div class=\"elementor-element elementor-element-112ec5b elementor-widget__width-initial elementor-widget elementor-widget-omexer-team-member\" data-id=\"112ec5b\" data-element_type=\"widget\" data-widget_type=\"omexer-team-member.default\">\n\t\t\t\t<div class=\"elementor-widget-container\">\n\t\t\t\n\t\t<div class=\"member-wrap\">\n\t\t\t<div class=\"member-image\">\n\t\t\t\t\t\t\t\t\t<figure class=\"member-figure\">\n\t\t\t\t\t\t<img decoding=\"async\" src=\"https:\/\/centrum-konwersacji.com\/wp-content\/uploads\/elementor\/thumbs\/IMG-6710-689x1024-1-q81uwnoxxil0jflinfa7v37jydvsa31ut6ju3mtqwm.jpeg\" title=\"IMG-6710-689&#215;1024\" alt=\"IMG-6710-689x1024\" class=\"elementor-animation-disable-animation\" loading=\"lazy\" \/>\t\t\t\t\t<\/figure>\n\t\t\t\t\t\t\t\t\t\t\t<\/div>\n\n\t\t\t<div class=\"member-body\">\n\t\t\t\t\t\t\t\t\t\t\t\t\t<h4 class=\"member-name\"><a href=\"https:\/\/centrum-konwersacji.com\/\/?page_id=7075\">Magda S<\/a><\/h4>\n\t\t\t\t\n\t\t\t\t\t\t\t\t\t<div class=\"member-position\">Lektor j\u0119zyka angielskiego i hiszpa\u0144skiego\u200b. J\u0119zyk medyczny<\/div>\n\t\t\t\t\n\t\t\t\t\t\t\t<\/div>\n\t\t<\/div>\n\t\t\t\t<\/div>\n\t\t\t\t<\/div>\n\t\t\t\t\t<\/div>\n\t\t<\/div>\n\t\t\t\t\t\t\t<\/div>\n\t\t<\/section>\n\t\t\t\t<section class=\"elementor-section elementor-inner-section elementor-element elementor-element-60bee31 elementor-section-full_width elementor-section-height-default elementor-section-height-default\" data-id=\"60bee31\" data-element_type=\"section\">\n\t\t\t\t\t\t<div class=\"elementor-container elementor-column-gap-extended\">\n\t\t\t\t\t<div class=\"elementor-column elementor-col-33 elementor-inner-column elementor-element elementor-element-12bb3e9\" data-id=\"12bb3e9\" data-element_type=\"column\">\n\t\t\t<div class=\"elementor-widget-wrap elementor-element-populated\">\n\t\t\t\t\t\t\t\t<div class=\"elementor-element elementor-element-748c1ec elementor-widget elementor-widget-omexer-team-member\" data-id=\"748c1ec\" data-element_type=\"widget\" data-widget_type=\"omexer-team-member.default\">\n\t\t\t\t<div class=\"elementor-widget-container\">\n\t\t\t\n\t\t<div class=\"member-wrap\">\n\t\t\t<div class=\"member-image\">\n\t\t\t\t\t\t\t\t\t<figure class=\"member-figure\">\n\t\t\t\t\t\t<img decoding=\"async\" src=\"https:\/\/centrum-konwersacji.com\/wp-content\/uploads\/elementor\/thumbs\/JPP_4984-Edit-Edit-684x1024-1-q81uyyeqmxq8x49d8f1dyic48ak33g68gjykbzf3p2.jpeg\" title=\"JPP_4984-Edit-Edit-684&#215;1024\" alt=\"JPP_4984-Edit-Edit-684x1024\" class=\"elementor-animation-disable-animation\" loading=\"lazy\" \/>\t\t\t\t\t<\/figure>\n\t\t\t\t\t\t\t\t\t\t\t<\/div>\n\n\t\t\t<div class=\"member-body\">\n\t\t\t\t\t\t\t\t\t\t\t\t\t<h4 class=\"member-name\"><a href=\"https:\/\/centrum-konwersacji.com\/\/?page_id=7083\">Ola G<\/a><\/h4>\n\t\t\t\t\n\t\t\t\t\t\t\t\t\t<div class=\"member-position\">Lektor j\u0119zyka angielskiego, Business English, egzaminator maturalny<\/div>\n\t\t\t\t\n\t\t\t\t\t\t\t<\/div>\n\t\t<\/div>\n\t\t\t\t<\/div>\n\t\t\t\t<\/div>\n\t\t\t\t\t<\/div>\n\t\t<\/div>\n\t\t\t\t<div class=\"elementor-column elementor-col-33 elementor-inner-column elementor-element elementor-element-38822a9\" data-id=\"38822a9\" data-element_type=\"column\">\n\t\t\t<div class=\"elementor-widget-wrap elementor-element-populated\">\n\t\t\t\t\t\t\t\t<div class=\"elementor-element elementor-element-0cf1b47 elementor-widget__width-initial elementor-widget elementor-widget-omexer-team-member\" data-id=\"0cf1b47\" data-element_type=\"widget\" data-widget_type=\"omexer-team-member.default\">\n\t\t\t\t<div class=\"elementor-widget-container\">\n\t\t\t\n\t\t<div class=\"member-wrap\">\n\t\t\t<div class=\"member-image\">\n\t\t\t\t\t\t\t\t\t<figure class=\"member-figure\">\n\t\t\t\t\t\t<img decoding=\"async\" src=\"https:\/\/centrum-konwersacji.com\/wp-content\/uploads\/elementor\/thumbs\/IMG_2062-min-qc6veirxslut1pbdlwulryjnryss90gnlnoqv5448m.jpg\" title=\"IMG_2062-min\" alt=\"IMG_2062-min\" class=\"elementor-animation-disable-animation\" loading=\"lazy\" \/>\t\t\t\t\t<\/figure>\n\t\t\t\t\t\t\t\t\t\t\t<\/div>\n\n\t\t\t<div class=\"member-body\">\n\t\t\t\t\t\t\t\t\t\t\t\t\t<h4 class=\"member-name\"><a href=\"https:\/\/centrum-konwersacji.com\/?page_id=6994\">Patrycja<\/a><\/h4>\n\t\t\t\t\n\t\t\t\t\t\t\t\t\t<div class=\"member-position\">Lektor j\u0119zyka w\u0142oskiego i angielskiego<\/div>\n\t\t\t\t\n\t\t\t\t\t\t\t<\/div>\n\t\t<\/div>\n\t\t\t\t<\/div>\n\t\t\t\t<\/div>\n\t\t\t\t\t<\/div>\n\t\t<\/div>\n\t\t\t\t<div class=\"elementor-column elementor-col-33 elementor-inner-column elementor-element elementor-element-7587f71\" data-id=\"7587f71\" data-element_type=\"column\">\n\t\t\t<div class=\"elementor-widget-wrap elementor-element-populated\">\n\t\t\t\t\t\t\t\t<div class=\"elementor-element elementor-element-767bddf elementor-widget__width-initial elementor-widget elementor-widget-omexer-team-member\" data-id=\"767bddf\" data-element_type=\"widget\" data-widget_type=\"omexer-team-member.default\">\n\t\t\t\t<div class=\"elementor-widget-container\">\n\t\t\t\n\t\t<div class=\"member-wrap\">\n\t\t\t<div class=\"member-image\">\n\t\t\t\t\t\t\t\t\t<figure class=\"member-figure\">\n\t\t\t\t\t\t<img decoding=\"async\" src=\"https:\/\/centrum-konwersacji.com\/wp-content\/uploads\/elementor\/thumbs\/zdjecie-2-scaled-e1696243752140-qd9llj3ljtka042pd92y6fll0lpde3aew35h0uekxi.jpg\" title=\"zdj\u0119cie (2)\" alt=\"zdj\u0119cie (2)\" class=\"elementor-animation-disable-animation\" loading=\"lazy\" \/>\t\t\t\t\t<\/figure>\n\t\t\t\t\t\t\t\t\t\t\t<\/div>\n\n\t\t\t<div class=\"member-body\">\n\t\t\t\t\t\t\t\t\t\t\t\t\t<h4 class=\"member-name\"><a href=\"https:\/\/centrum-konwersacji.com\/?page_id=8746\">Agata<\/a><\/h4>\n\t\t\t\t\n\t\t\t\t\t\t\t\t\t<div class=\"member-position\">Lektor j\u0119zyka francuskiego<\/div>\n\t\t\t\t\n\t\t\t\t\t\t\t<\/div>\n\t\t<\/div>\n\t\t\t\t<\/div>\n\t\t\t\t<\/div>\n\t\t\t\t\t<\/div>\n\t\t<\/div>\n\t\t\t\t\t\t\t<\/div>\n\t\t<\/section>\n\t\t\t\t\t<\/div>\n\t\t<\/div>\n\t\t\t\t\t\t\t<\/div>\n\t\t<\/section>\n\t\t\t\t\t\t\t<\/div>\n\t\t","protected":false},"excerpt":{"rendered":"<p>Nauczyciele Jeste\u015bmy kilkunastoosobowym, zgranym zespo\u0142em nauczycieli i pasjonat\u00f3w nauczania j\u0119zyk\u00f3w obcych, kt\u00f3rzy od wielu lat wsp\u00f3\u0142pracuj\u0105c ze sob\u0105 na co dzie\u0144, tworz\u0105 to wyj\u0105tkowe miejsce, jakim jest nasze Centrum Konwersacji. S\u0105 w\u015br\u00f3d nas: wyk\u0142adowcy akademiccy, egzaminatorzy maturalni, nauczyciele szk\u00f3\u0142 podstawowych i \u015brednich, lektorzy o wieloletnim do\u015bwiadczeniu w pracy za granic\u0105, a jednocze\u015bnie ludzie o ogromnej [&hellip;]<\/p>\n","protected":false},"author":1,"featured_media":0,"parent":0,"menu_order":0,"comment_status":"closed","ping_status":"closed","template":"elementor_header_footer","meta":{"_mi_skip_tracking":false,"footnotes":""},"class_list":["post-808","page","type-page","status-publish","hentry"],"yoast_head":"<!-- This site is optimized with the Yoast SEO plugin v19.0 - https:\/\/yoast.com\/wordpress\/plugins\/seo\/ -->\n<title>Nauczyciele - Centrum Konwersacji<\/title>\n<meta name=\"robots\" content=\"index, follow, max-snippet:-1, max-image-preview:large, max-video-preview:-1\" \/>\n<link rel=\"canonical\" href=\"https:\/\/centrum-konwersacji.com\/?page_id=808\" \/>\n<meta property=\"og:locale\" content=\"pl_PL\" \/>\n<meta property=\"og:type\" content=\"article\" \/>\n<meta property=\"og:title\" content=\"Nauczyciele - Centrum Konwersacji\" \/>\n<meta property=\"og:description\" content=\"Nauczyciele Jeste\u015bmy kilkunastoosobowym, zgranym zespo\u0142em nauczycieli i pasjonat\u00f3w nauczania j\u0119zyk\u00f3w obcych, kt\u00f3rzy od wielu lat wsp\u00f3\u0142pracuj\u0105c ze sob\u0105 na co dzie\u0144, tworz\u0105 to wyj\u0105tkowe miejsce, jakim jest nasze Centrum Konwersacji. S\u0105 w\u015br\u00f3d nas: wyk\u0142adowcy akademiccy, egzaminatorzy maturalni, nauczyciele szk\u00f3\u0142 podstawowych i \u015brednich, lektorzy o wieloletnim do\u015bwiadczeniu w pracy za granic\u0105, a jednocze\u015bnie ludzie o ogromnej [&hellip;]\" \/>\n<meta property=\"og:url\" content=\"https:\/\/centrum-konwersacji.com\/?page_id=808\" \/>\n<meta property=\"og:site_name\" content=\"Centrum Konwersacji\" \/>\n<meta property=\"article:modified_time\" content=\"2025-11-24T15:32:11+00:00\" \/>\n<meta property=\"og:image\" content=\"https:\/\/centrum-konwersacji.com\/wp-content\/uploads\/elementor\/thumbs\/ewa-q81uwf8e809fmxxt0tmkqncelx1hct49s0ogs56agm.jpeg\" \/>\n<meta name=\"twitter:card\" content=\"summary_large_image\" \/>\n<meta name=\"twitter:label1\" content=\"Szacowany czas czytania\" \/>\n\t<meta name=\"twitter:data1\" content=\"1 minuta\" \/>\n<script type=\"application\/ld+json\" class=\"yoast-schema-graph\">{\"@context\":\"https:\/\/schema.org\",\"@graph\":[{\"@type\":\"WebSite\",\"@id\":\"https:\/\/centrum-konwersacji.com\/#website\",\"url\":\"https:\/\/centrum-konwersacji.com\/\",\"name\":\"Centrum Konwersacji\",\"description\":\"Szko\u0142a j\u0119zykowa\",\"potentialAction\":[{\"@type\":\"SearchAction\",\"target\":{\"@type\":\"EntryPoint\",\"urlTemplate\":\"https:\/\/centrum-konwersacji.com\/?s={search_term_string}\"},\"query-input\":\"required name=search_term_string\"}],\"inLanguage\":\"pl-PL\"},{\"@type\":\"ImageObject\",\"inLanguage\":\"pl-PL\",\"@id\":\"https:\/\/centrum-konwersacji.com\/?page_id=808#primaryimage\",\"url\":\"https:\/\/centrum-konwersacji.com\/wp-content\/uploads\/elementor\/thumbs\/ewa-q81uwf8e809fmxxt0tmkqncelx1hct49s0ogs56agm.jpeg\",\"contentUrl\":\"https:\/\/centrum-konwersacji.com\/wp-content\/uploads\/elementor\/thumbs\/ewa-q81uwf8e809fmxxt0tmkqncelx1hct49s0ogs56agm.jpeg\"},{\"@type\":\"WebPage\",\"@id\":\"https:\/\/centrum-konwersacji.com\/?page_id=808#webpage\",\"url\":\"https:\/\/centrum-konwersacji.com\/?page_id=808\",\"name\":\"Nauczyciele - Centrum Konwersacji\",\"isPartOf\":{\"@id\":\"https:\/\/centrum-konwersacji.com\/#website\"},\"primaryImageOfPage\":{\"@id\":\"https:\/\/centrum-konwersacji.com\/?page_id=808#primaryimage\"},\"datePublished\":\"2021-03-28T12:12:32+00:00\",\"dateModified\":\"2025-11-24T15:32:11+00:00\",\"breadcrumb\":{\"@id\":\"https:\/\/centrum-konwersacji.com\/?page_id=808#breadcrumb\"},\"inLanguage\":\"pl-PL\",\"potentialAction\":[{\"@type\":\"ReadAction\",\"target\":[\"https:\/\/centrum-konwersacji.com\/?page_id=808\"]}]},{\"@type\":\"BreadcrumbList\",\"@id\":\"https:\/\/centrum-konwersacji.com\/?page_id=808#breadcrumb\",\"itemListElement\":[{\"@type\":\"ListItem\",\"position\":1,\"name\":\"Home\",\"item\":\"https:\/\/centrum-konwersacji.com\/\"},{\"@type\":\"ListItem\",\"position\":2,\"name\":\"Nauczyciele\"}]}]}<\/script>\n<!-- \/ Yoast SEO plugin. -->","yoast_head_json":{"title":"Nauczyciele - Centrum Konwersacji","robots":{"index":"index","follow":"follow","max-snippet":"max-snippet:-1","max-image-preview":"max-image-preview:large","max-video-preview":"max-video-preview:-1"},"canonical":"https:\/\/centrum-konwersacji.com\/?page_id=808","og_locale":"pl_PL","og_type":"article","og_title":"Nauczyciele - Centrum Konwersacji","og_description":"Nauczyciele Jeste\u015bmy kilkunastoosobowym, zgranym zespo\u0142em nauczycieli i pasjonat\u00f3w nauczania j\u0119zyk\u00f3w obcych, kt\u00f3rzy od wielu lat wsp\u00f3\u0142pracuj\u0105c ze sob\u0105 na co dzie\u0144, tworz\u0105 to wyj\u0105tkowe miejsce, jakim jest nasze Centrum Konwersacji. S\u0105 w\u015br\u00f3d nas: wyk\u0142adowcy akademiccy, egzaminatorzy maturalni, nauczyciele szk\u00f3\u0142 podstawowych i \u015brednich, lektorzy o wieloletnim do\u015bwiadczeniu w pracy za granic\u0105, a jednocze\u015bnie ludzie o ogromnej [&hellip;]","og_url":"https:\/\/centrum-konwersacji.com\/?page_id=808","og_site_name":"Centrum Konwersacji","article_modified_time":"2025-11-24T15:32:11+00:00","og_image":[{"url":"https:\/\/centrum-konwersacji.com\/wp-content\/uploads\/elementor\/thumbs\/ewa-q81uwf8e809fmxxt0tmkqncelx1hct49s0ogs56agm.jpeg"}],"twitter_card":"summary_large_image","twitter_misc":{"Szacowany czas czytania":"1 minuta"},"schema":{"@context":"https:\/\/schema.org","@graph":[{"@type":"WebSite","@id":"https:\/\/centrum-konwersacji.com\/#website","url":"https:\/\/centrum-konwersacji.com\/","name":"Centrum Konwersacji","description":"Szko\u0142a j\u0119zykowa","potentialAction":[{"@type":"SearchAction","target":{"@type":"EntryPoint","urlTemplate":"https:\/\/centrum-konwersacji.com\/?s={search_term_string}"},"query-input":"required name=search_term_string"}],"inLanguage":"pl-PL"},{"@type":"ImageObject","inLanguage":"pl-PL","@id":"https:\/\/centrum-konwersacji.com\/?page_id=808#primaryimage","url":"https:\/\/centrum-konwersacji.com\/wp-content\/uploads\/elementor\/thumbs\/ewa-q81uwf8e809fmxxt0tmkqncelx1hct49s0ogs56agm.jpeg","contentUrl":"https:\/\/centrum-konwersacji.com\/wp-content\/uploads\/elementor\/thumbs\/ewa-q81uwf8e809fmxxt0tmkqncelx1hct49s0ogs56agm.jpeg"},{"@type":"WebPage","@id":"https:\/\/centrum-konwersacji.com\/?page_id=808#webpage","url":"https:\/\/centrum-konwersacji.com\/?page_id=808","name":"Nauczyciele - Centrum Konwersacji","isPartOf":{"@id":"https:\/\/centrum-konwersacji.com\/#website"},"primaryImageOfPage":{"@id":"https:\/\/centrum-konwersacji.com\/?page_id=808#primaryimage"},"datePublished":"2021-03-28T12:12:32+00:00","dateModified":"2025-11-24T15:32:11+00:00","breadcrumb":{"@id":"https:\/\/centrum-konwersacji.com\/?page_id=808#breadcrumb"},"inLanguage":"pl-PL","potentialAction":[{"@type":"ReadAction","target":["https:\/\/centrum-konwersacji.com\/?page_id=808"]}]},{"@type":"BreadcrumbList","@id":"https:\/\/centrum-konwersacji.com\/?page_id=808#breadcrumb","itemListElement":[{"@type":"ListItem","position":1,"name":"Home","item":"https:\/\/centrum-konwersacji.com\/"},{"@type":"ListItem","position":2,"name":"Nauczyciele"}]}]}},"_links":{"self":[{"href":"https:\/\/centrum-konwersacji.com\/index.php?rest_route=\/wp\/v2\/pages\/808","targetHints":{"allow":["GET"]}}],"collection":[{"href":"https:\/\/centrum-konwersacji.com\/index.php?rest_route=\/wp\/v2\/pages"}],"about":[{"href":"https:\/\/centrum-konwersacji.com\/index.php?rest_route=\/wp\/v2\/types\/page"}],"author":[{"embeddable":true,"href":"https:\/\/centrum-konwersacji.com\/index.php?rest_route=\/wp\/v2\/users\/1"}],"replies":[{"embeddable":true,"href":"https:\/\/centrum-konwersacji.com\/index.php?rest_route=%2Fwp%2Fv2%2Fcomments&post=808"}],"version-history":[{"count":239,"href":"https:\/\/centrum-konwersacji.com\/index.php?rest_route=\/wp\/v2\/pages\/808\/revisions"}],"predecessor-version":[{"id":8939,"href":"https:\/\/centrum-konwersacji.com\/index.php?rest_route=\/wp\/v2\/pages\/808\/revisions\/8939"}],"wp:attachment":[{"href":"https:\/\/centrum-konwersacji.com\/index.php?rest_route=%2Fwp%2Fv2%2Fmedia&parent=808"}],"curies":[{"name":"wp","href":"https:\/\/api.w.org\/{rel}","templated":true}]}}