{"id":7738,"date":"2023-05-23T11:07:18","date_gmt":"2023-05-23T09:07:18","guid":{"rendered":"https:\/\/server582382.nazwa.pl\/wordpress\/wpn_pierwszainstalacja\/?page_id=7738"},"modified":"2023-06-13T12:05:47","modified_gmt":"2023-06-13T10:05:47","slug":"jezyk-specjalistyczny","status":"publish","type":"page","link":"https:\/\/centrum-konwersacji.com\/?page_id=7738","title":{"rendered":"J\u0119zyk specjalistyczny"},"content":{"rendered":"\t\t<div data-elementor-type=\"wp-page\" data-elementor-id=\"7738\" class=\"elementor elementor-7738\">\n\t\t\t\t\t\t\t\t\t<section class=\"elementor-section elementor-top-section elementor-element elementor-element-cc991d0 elementor-section-boxed elementor-section-height-default elementor-section-height-default\" data-id=\"cc991d0\" data-element_type=\"section\">\n\t\t\t\t\t\t<div class=\"elementor-container elementor-column-gap-default\">\n\t\t\t\t\t<div class=\"elementor-column elementor-col-100 elementor-top-column elementor-element elementor-element-d2d6fcd\" data-id=\"d2d6fcd\" data-element_type=\"column\">\n\t\t\t<div class=\"elementor-widget-wrap elementor-element-populated\">\n\t\t\t\t\t\t\t\t<div class=\"elementor-element elementor-element-7ca39a8 elementor-widget elementor-widget-heading\" data-id=\"7ca39a8\" data-element_type=\"widget\" data-widget_type=\"heading.default\">\n\t\t\t\t<div class=\"elementor-widget-container\">\n\t\t\t<style>\/*! elementor - v3.12.2 - 23-04-2023 *\/\n.elementor-heading-title{padding:0;margin:0;line-height:1}.elementor-widget-heading .elementor-heading-title[class*=elementor-size-]>a{color:inherit;font-size:inherit;line-height:inherit}.elementor-widget-heading .elementor-heading-title.elementor-size-small{font-size:15px}.elementor-widget-heading .elementor-heading-title.elementor-size-medium{font-size:19px}.elementor-widget-heading .elementor-heading-title.elementor-size-large{font-size:29px}.elementor-widget-heading .elementor-heading-title.elementor-size-xl{font-size:39px}.elementor-widget-heading .elementor-heading-title.elementor-size-xxl{font-size:59px}<\/style><h2 class=\"elementor-heading-title elementor-size-default\">Mini kursy<\/h2>\t\t<\/div>\n\t\t\t\t<\/div>\n\t\t\t\t\t<\/div>\n\t\t<\/div>\n\t\t\t\t\t\t\t<\/div>\n\t\t<\/section>\n\t\t\t\t<section class=\"elementor-section elementor-top-section elementor-element elementor-element-3707a5b elementor-section-boxed elementor-section-height-default elementor-section-height-default\" data-id=\"3707a5b\" data-element_type=\"section\">\n\t\t\t\t\t\t<div class=\"elementor-container elementor-column-gap-default\">\n\t\t\t\t\t<div class=\"elementor-column elementor-col-100 elementor-top-column elementor-element elementor-element-5873159\" data-id=\"5873159\" data-element_type=\"column\">\n\t\t\t<div class=\"elementor-widget-wrap elementor-element-populated\">\n\t\t\t\t\t\t\t\t<div class=\"elementor-element elementor-element-b30805a elementor-widget elementor-widget-text-editor\" data-id=\"b30805a\" data-element_type=\"widget\" data-widget_type=\"text-editor.default\">\n\t\t\t\t<div class=\"elementor-widget-container\">\n\t\t\t<style>\/*! elementor - v3.12.2 - 23-04-2023 *\/\n.elementor-widget-text-editor.elementor-drop-cap-view-stacked .elementor-drop-cap{background-color:#69727d;color:#fff}.elementor-widget-text-editor.elementor-drop-cap-view-framed .elementor-drop-cap{color:#69727d;border:3px solid;background-color:transparent}.elementor-widget-text-editor:not(.elementor-drop-cap-view-default) .elementor-drop-cap{margin-top:8px}.elementor-widget-text-editor:not(.elementor-drop-cap-view-default) .elementor-drop-cap-letter{width:1em;height:1em}.elementor-widget-text-editor .elementor-drop-cap{float:left;text-align:center;line-height:1;font-size:50px}.elementor-widget-text-editor .elementor-drop-cap-letter{display:inline-block}<\/style>\t\t\t\t<p style=\"padding-left: 40px;\">\u2022 Kurs o tematyce biznesowej: m.in. prezentacje, negocjacje, rozmowy kwalifikacyjne, pisanie CV, korespondencja biznesowa, oceny roczne, reklamacje\u2026<span class=\"Apple-converted-space\">\u00a0<\/span><\/p><p style=\"padding-left: 40px;\">\u2022 Kurs \u2018Weekend w\u2026\u2019, czyli nauka j\u0119zyka obcego dla podr\u00f3\u017cuj\u0105cych: rezerwacje, wypo\u017cyczanie auta lub roweru, zamawianie posi\u0142k\u00f3w, zakupy, reklamacje, sytuacje na lotnisku i w hotelu, zwiedzanie, pytanie o drog\u0119, wizyta lekarska\u2026<span class=\"Apple-converted-space\">\u00a0<\/span><\/p><p style=\"padding-left: 40px;\">\u2022 Kr\u00f3tki kurs wakacyjny \u2018Back to School\u2019 dla m\u0142odzie\u017cy rozpoczynaj\u0105cej nauk\u0119 w nowej szkole, a tak\u017ce po zmianie szko\u0142y, grupy lub pozwalaj\u0105cy na wyr\u00f3wnanie zaleg\u0142o\u015bci i przygotowuj\u0105cy do egzaminu klasyfikuj\u0105cego z 6 j\u0119zyk\u00f3w obcych.<span class=\"Apple-converted-space\">\u00a0<\/span><\/p><p>\u00a0<\/p><p style=\"padding-left: 40px;\">Na \u017cyczenie S\u0142uchacza mo\u017cemy przygotowa\u0107 niemal dowolny kurs j\u0119zykowy wed\u0142ug konkretnych zainteresowa\u0144 i potrzeb.\u00a0\u00a0<\/p>\t\t\t\t\t\t<\/div>\n\t\t\t\t<\/div>\n\t\t\t\t\t<\/div>\n\t\t<\/div>\n\t\t\t\t\t\t\t<\/div>\n\t\t<\/section>\n\t\t\t\t<section class=\"elementor-section elementor-top-section elementor-element elementor-element-93cf8cb elementor-section-boxed elementor-section-height-default elementor-section-height-default\" data-id=\"93cf8cb\" data-element_type=\"section\">\n\t\t\t\t\t\t<div class=\"elementor-container elementor-column-gap-default\">\n\t\t\t\t\t<div class=\"elementor-column elementor-col-100 elementor-top-column elementor-element elementor-element-d25235a\" data-id=\"d25235a\" data-element_type=\"column\">\n\t\t\t<div class=\"elementor-widget-wrap elementor-element-populated\">\n\t\t\t\t\t\t\t\t<div class=\"elementor-element elementor-element-8e0781b elementor-align-center elementor-widget elementor-widget-button\" data-id=\"8e0781b\" data-element_type=\"widget\" data-widget_type=\"button.default\">\n\t\t\t\t<div class=\"elementor-widget-container\">\n\t\t\t\t\t<div class=\"elementor-button-wrapper\">\n\t\t\t<a href=\"https:\/\/centrum-konwersacji.com\/\/?page_id=913\" class=\"elementor-button-link elementor-button elementor-size-sm\" role=\"button\">\n\t\t\t\t\t\t<span class=\"elementor-button-content-wrapper\">\n\t\t\t\t\t\t<span class=\"elementor-button-text\">Skontaktuj si\u0119<\/span>\n\t\t<\/span>\n\t\t\t\t\t<\/a>\n\t\t<\/div>\n\t\t\t\t<\/div>\n\t\t\t\t<\/div>\n\t\t\t\t\t<\/div>\n\t\t<\/div>\n\t\t\t\t\t\t\t<\/div>\n\t\t<\/section>\n\t\t\t\t\t\t\t<\/div>\n\t\t","protected":false},"excerpt":{"rendered":"<p>Mini kursy \u2022 Kurs o tematyce biznesowej: m.in. prezentacje, negocjacje, rozmowy kwalifikacyjne, pisanie CV, korespondencja biznesowa, oceny roczne, reklamacje\u2026\u00a0 \u2022 Kurs \u2018Weekend w\u2026\u2019, czyli nauka j\u0119zyka obcego dla podr\u00f3\u017cuj\u0105cych: rezerwacje, wypo\u017cyczanie auta lub roweru, zamawianie posi\u0142k\u00f3w, zakupy, reklamacje, sytuacje na lotnisku i w hotelu, zwiedzanie, pytanie o drog\u0119, wizyta lekarska\u2026\u00a0 \u2022 Kr\u00f3tki kurs wakacyjny \u2018Back [&hellip;]<\/p>\n","protected":false},"author":1,"featured_media":0,"parent":0,"menu_order":0,"comment_status":"closed","ping_status":"closed","template":"","meta":{"_mi_skip_tracking":false,"footnotes":""},"class_list":["post-7738","page","type-page","status-publish","hentry"],"yoast_head":"<!-- This site is optimized with the Yoast SEO plugin v19.0 - https:\/\/yoast.com\/wordpress\/plugins\/seo\/ -->\n<title>J\u0119zyk specjalistyczny - Centrum Konwersacji<\/title>\n<meta name=\"robots\" content=\"index, follow, max-snippet:-1, max-image-preview:large, max-video-preview:-1\" \/>\n<link rel=\"canonical\" href=\"https:\/\/centrum-konwersacji.com\/?page_id=7738\" \/>\n<meta property=\"og:locale\" content=\"pl_PL\" \/>\n<meta property=\"og:type\" content=\"article\" \/>\n<meta property=\"og:title\" content=\"J\u0119zyk specjalistyczny - Centrum Konwersacji\" \/>\n<meta property=\"og:description\" content=\"Mini kursy \u2022 Kurs o tematyce biznesowej: m.in. prezentacje, negocjacje, rozmowy kwalifikacyjne, pisanie CV, korespondencja biznesowa, oceny roczne, reklamacje\u2026\u00a0 \u2022 Kurs \u2018Weekend w\u2026\u2019, czyli nauka j\u0119zyka obcego dla podr\u00f3\u017cuj\u0105cych: rezerwacje, wypo\u017cyczanie auta lub roweru, zamawianie posi\u0142k\u00f3w, zakupy, reklamacje, sytuacje na lotnisku i w hotelu, zwiedzanie, pytanie o drog\u0119, wizyta lekarska\u2026\u00a0 \u2022 Kr\u00f3tki kurs wakacyjny \u2018Back [&hellip;]\" \/>\n<meta property=\"og:url\" content=\"https:\/\/centrum-konwersacji.com\/?page_id=7738\" \/>\n<meta property=\"og:site_name\" content=\"Centrum Konwersacji\" \/>\n<meta property=\"article:modified_time\" content=\"2023-06-13T10:05:47+00:00\" \/>\n<meta name=\"twitter:card\" content=\"summary_large_image\" \/>\n<meta name=\"twitter:label1\" content=\"Szacowany czas czytania\" \/>\n\t<meta name=\"twitter:data1\" content=\"1 minuta\" \/>\n<script type=\"application\/ld+json\" class=\"yoast-schema-graph\">{\"@context\":\"https:\/\/schema.org\",\"@graph\":[{\"@type\":\"WebSite\",\"@id\":\"https:\/\/centrum-konwersacji.com\/#website\",\"url\":\"https:\/\/centrum-konwersacji.com\/\",\"name\":\"Centrum Konwersacji\",\"description\":\"Szko\u0142a j\u0119zykowa\",\"potentialAction\":[{\"@type\":\"SearchAction\",\"target\":{\"@type\":\"EntryPoint\",\"urlTemplate\":\"https:\/\/centrum-konwersacji.com\/?s={search_term_string}\"},\"query-input\":\"required name=search_term_string\"}],\"inLanguage\":\"pl-PL\"},{\"@type\":\"WebPage\",\"@id\":\"https:\/\/centrum-konwersacji.com\/?page_id=7738#webpage\",\"url\":\"https:\/\/centrum-konwersacji.com\/?page_id=7738\",\"name\":\"J\u0119zyk specjalistyczny - Centrum Konwersacji\",\"isPartOf\":{\"@id\":\"https:\/\/centrum-konwersacji.com\/#website\"},\"datePublished\":\"2023-05-23T09:07:18+00:00\",\"dateModified\":\"2023-06-13T10:05:47+00:00\",\"breadcrumb\":{\"@id\":\"https:\/\/centrum-konwersacji.com\/?page_id=7738#breadcrumb\"},\"inLanguage\":\"pl-PL\",\"potentialAction\":[{\"@type\":\"ReadAction\",\"target\":[\"https:\/\/centrum-konwersacji.com\/?page_id=7738\"]}]},{\"@type\":\"BreadcrumbList\",\"@id\":\"https:\/\/centrum-konwersacji.com\/?page_id=7738#breadcrumb\",\"itemListElement\":[{\"@type\":\"ListItem\",\"position\":1,\"name\":\"Home\",\"item\":\"https:\/\/centrum-konwersacji.com\/\"},{\"@type\":\"ListItem\",\"position\":2,\"name\":\"J\u0119zyk specjalistyczny\"}]}]}<\/script>\n<!-- \/ Yoast SEO plugin. -->","yoast_head_json":{"title":"J\u0119zyk specjalistyczny - Centrum Konwersacji","robots":{"index":"index","follow":"follow","max-snippet":"max-snippet:-1","max-image-preview":"max-image-preview:large","max-video-preview":"max-video-preview:-1"},"canonical":"https:\/\/centrum-konwersacji.com\/?page_id=7738","og_locale":"pl_PL","og_type":"article","og_title":"J\u0119zyk specjalistyczny - Centrum Konwersacji","og_description":"Mini kursy \u2022 Kurs o tematyce biznesowej: m.in. prezentacje, negocjacje, rozmowy kwalifikacyjne, pisanie CV, korespondencja biznesowa, oceny roczne, reklamacje\u2026\u00a0 \u2022 Kurs \u2018Weekend w\u2026\u2019, czyli nauka j\u0119zyka obcego dla podr\u00f3\u017cuj\u0105cych: rezerwacje, wypo\u017cyczanie auta lub roweru, zamawianie posi\u0142k\u00f3w, zakupy, reklamacje, sytuacje na lotnisku i w hotelu, zwiedzanie, pytanie o drog\u0119, wizyta lekarska\u2026\u00a0 \u2022 Kr\u00f3tki kurs wakacyjny \u2018Back [&hellip;]","og_url":"https:\/\/centrum-konwersacji.com\/?page_id=7738","og_site_name":"Centrum Konwersacji","article_modified_time":"2023-06-13T10:05:47+00:00","twitter_card":"summary_large_image","twitter_misc":{"Szacowany czas czytania":"1 minuta"},"schema":{"@context":"https:\/\/schema.org","@graph":[{"@type":"WebSite","@id":"https:\/\/centrum-konwersacji.com\/#website","url":"https:\/\/centrum-konwersacji.com\/","name":"Centrum Konwersacji","description":"Szko\u0142a j\u0119zykowa","potentialAction":[{"@type":"SearchAction","target":{"@type":"EntryPoint","urlTemplate":"https:\/\/centrum-konwersacji.com\/?s={search_term_string}"},"query-input":"required name=search_term_string"}],"inLanguage":"pl-PL"},{"@type":"WebPage","@id":"https:\/\/centrum-konwersacji.com\/?page_id=7738#webpage","url":"https:\/\/centrum-konwersacji.com\/?page_id=7738","name":"J\u0119zyk specjalistyczny - Centrum Konwersacji","isPartOf":{"@id":"https:\/\/centrum-konwersacji.com\/#website"},"datePublished":"2023-05-23T09:07:18+00:00","dateModified":"2023-06-13T10:05:47+00:00","breadcrumb":{"@id":"https:\/\/centrum-konwersacji.com\/?page_id=7738#breadcrumb"},"inLanguage":"pl-PL","potentialAction":[{"@type":"ReadAction","target":["https:\/\/centrum-konwersacji.com\/?page_id=7738"]}]},{"@type":"BreadcrumbList","@id":"https:\/\/centrum-konwersacji.com\/?page_id=7738#breadcrumb","itemListElement":[{"@type":"ListItem","position":1,"name":"Home","item":"https:\/\/centrum-konwersacji.com\/"},{"@type":"ListItem","position":2,"name":"J\u0119zyk specjalistyczny"}]}]}},"_links":{"self":[{"href":"https:\/\/centrum-konwersacji.com\/index.php?rest_route=\/wp\/v2\/pages\/7738","targetHints":{"allow":["GET"]}}],"collection":[{"href":"https:\/\/centrum-konwersacji.com\/index.php?rest_route=\/wp\/v2\/pages"}],"about":[{"href":"https:\/\/centrum-konwersacji.com\/index.php?rest_route=\/wp\/v2\/types\/page"}],"author":[{"embeddable":true,"href":"https:\/\/centrum-konwersacji.com\/index.php?rest_route=\/wp\/v2\/users\/1"}],"replies":[{"embeddable":true,"href":"https:\/\/centrum-konwersacji.com\/index.php?rest_route=%2Fwp%2Fv2%2Fcomments&post=7738"}],"version-history":[{"count":17,"href":"https:\/\/centrum-konwersacji.com\/index.php?rest_route=\/wp\/v2\/pages\/7738\/revisions"}],"predecessor-version":[{"id":8488,"href":"https:\/\/centrum-konwersacji.com\/index.php?rest_route=\/wp\/v2\/pages\/7738\/revisions\/8488"}],"wp:attachment":[{"href":"https:\/\/centrum-konwersacji.com\/index.php?rest_route=%2Fwp%2Fv2%2Fmedia&parent=7738"}],"curies":[{"name":"wp","href":"https:\/\/api.w.org\/{rel}","templated":true}]}}