{"id":7647,"date":"2023-05-23T10:09:55","date_gmt":"2023-05-23T08:09:55","guid":{"rendered":"https:\/\/server582382.nazwa.pl\/wordpress\/wpn_pierwszainstalacja\/?page_id=7647"},"modified":"2023-06-06T12:29:38","modified_gmt":"2023-06-06T10:29:38","slug":"oferta","status":"publish","type":"page","link":"https:\/\/centrum-konwersacji.com\/?page_id=7647","title":{"rendered":"Oferta"},"content":{"rendered":"\t\t<div data-elementor-type=\"wp-page\" data-elementor-id=\"7647\" class=\"elementor elementor-7647\">\n\t\t\t\t\t\t\t\t\t<section class=\"elementor-section elementor-top-section elementor-element elementor-element-1b78528 elementor-section-boxed elementor-section-height-default elementor-section-height-default\" data-id=\"1b78528\" data-element_type=\"section\">\n\t\t\t\t\t\t<div class=\"elementor-container elementor-column-gap-default\">\n\t\t\t\t\t<div class=\"elementor-column elementor-col-100 elementor-top-column elementor-element elementor-element-5be0c77\" data-id=\"5be0c77\" data-element_type=\"column\">\n\t\t\t<div class=\"elementor-widget-wrap elementor-element-populated\">\n\t\t\t\t\t\t\t\t<div class=\"elementor-element elementor-element-7bd4d11 elementor-widget elementor-widget-heading\" data-id=\"7bd4d11\" data-element_type=\"widget\" data-widget_type=\"heading.default\">\n\t\t\t\t<div class=\"elementor-widget-container\">\n\t\t\t<style>\/*! elementor - v3.12.2 - 23-04-2023 *\/\n.elementor-heading-title{padding:0;margin:0;line-height:1}.elementor-widget-heading .elementor-heading-title[class*=elementor-size-]>a{color:inherit;font-size:inherit;line-height:inherit}.elementor-widget-heading .elementor-heading-title.elementor-size-small{font-size:15px}.elementor-widget-heading .elementor-heading-title.elementor-size-medium{font-size:19px}.elementor-widget-heading .elementor-heading-title.elementor-size-large{font-size:29px}.elementor-widget-heading .elementor-heading-title.elementor-size-xl{font-size:39px}.elementor-widget-heading .elementor-heading-title.elementor-size-xxl{font-size:59px}<\/style><h2 class=\"elementor-heading-title elementor-size-default\">Oferta<\/h2>\t\t<\/div>\n\t\t\t\t<\/div>\n\t\t\t\t<div class=\"elementor-element elementor-element-f2e8df0 elementor-widget elementor-widget-text-editor\" data-id=\"f2e8df0\" data-element_type=\"widget\" data-widget_type=\"text-editor.default\">\n\t\t\t\t<div class=\"elementor-widget-container\">\n\t\t\t<style>\/*! elementor - v3.12.2 - 23-04-2023 *\/\n.elementor-widget-text-editor.elementor-drop-cap-view-stacked .elementor-drop-cap{background-color:#69727d;color:#fff}.elementor-widget-text-editor.elementor-drop-cap-view-framed .elementor-drop-cap{color:#69727d;border:3px solid;background-color:transparent}.elementor-widget-text-editor:not(.elementor-drop-cap-view-default) .elementor-drop-cap{margin-top:8px}.elementor-widget-text-editor:not(.elementor-drop-cap-view-default) .elementor-drop-cap-letter{width:1em;height:1em}.elementor-widget-text-editor .elementor-drop-cap{float:left;text-align:center;line-height:1;font-size:50px}.elementor-widget-text-editor .elementor-drop-cap-letter{display:inline-block}<\/style>\t\t\t\t\t\t\t\t\t\t<\/div>\n\t\t\t\t<\/div>\n\t\t\t\t<div class=\"elementor-element elementor-element-35dac27 elementor-widget elementor-widget-text-editor\" data-id=\"35dac27\" data-element_type=\"widget\" data-widget_type=\"text-editor.default\">\n\t\t\t\t<div class=\"elementor-widget-container\">\n\t\t\t\t\t\t\t<p>Na \u017cyczenie S\u0142uchacza mo\u017cemy przygotowa\u0107 niemal dowolny kurs j\u0119zykowy wed\u0142ug konkretnych zainteresowa\u0144 i potrzeb.<span class=\"Apple-converted-space\">\u00a0<\/span><\/p>\t\t\t\t\t\t<\/div>\n\t\t\t\t<\/div>\n\t\t\t\t<section class=\"elementor-section elementor-inner-section elementor-element elementor-element-b6a3dd8 elementor-section-full_width elementor-section-height-default elementor-section-height-default\" data-id=\"b6a3dd8\" data-element_type=\"section\">\n\t\t\t\t\t\t<div class=\"elementor-container elementor-column-gap-extended\">\n\t\t\t\t\t<div class=\"elementor-column elementor-col-100 elementor-inner-column elementor-element elementor-element-421dcd0\" data-id=\"421dcd0\" data-element_type=\"column\">\n\t\t\t<div class=\"elementor-widget-wrap elementor-element-populated\">\n\t\t\t\t\t\t\t\t<div class=\"elementor-element elementor-element-4ce5cae elementor-widget elementor-widget-omexer-webinar-box\" data-id=\"4ce5cae\" data-element_type=\"widget\" data-widget_type=\"omexer-webinar-box.default\">\n\t\t\t\t<div class=\"elementor-widget-container\">\n\t\t\t        <div class=\"webinar-box-wrap\">\n\t\t\t            <div class=\"webinar-img\">\n\t\t\t\t<img decoding=\"async\" src=\"https:\/\/centrum-konwersacji.com\/\/wp-content\/uploads\/2023\/05\/Asia-i-Madzia-scaled.jpg\" alt=\"\">\n            <\/div>\n\t\t\t\t\t\t            <div class=\"webinar-content\">\n\t\t\t\t\t\t\t\t\t\t\t\t\t                \t<h3><a href=\"https:\/\/centrum-konwersacji.com\/\/?page_id=913\">Konwersacje<\/a><\/h3>\n\t\t\t\t\t\t\t\t\t\t\t\t\t\t\t\t\t\t\t\t\t<p>Zaj\u0119cia skupione na u\u017cywaniu j\u0119zyka obcego w praktyce ze szczeg\u00f3lnym naciskiem na p\u0142ynno\u015b\u0107 i swobod\u0119 wypowiedzi, o dowolnej tematyce dopasowanej do potrzeb i zainteresowa\u0144 S\u0142uchacza, tak\u017ce biznesowej, prawniczej czy logistycznej.<\/p>\n\t\t\t\t\t\t\t\t\t\t\t\t<div class=\"webinar-btn\">\n\t\t\t\t\t\t\t\t\t\t<a href=\"https:\/\/centrum-konwersacji.com\/\/?page_id=913\"  >Zapytaj o ofert\u0119<\/a>\n\t\t\t\t<\/div>\n\t\t\t\t            <\/div>\n\t\t\t        <\/div>\n        \t\t<\/div>\n\t\t\t\t<\/div>\n\t\t\t\t\t<\/div>\n\t\t<\/div>\n\t\t\t\t\t\t\t<\/div>\n\t\t<\/section>\n\t\t\t\t<section class=\"elementor-section elementor-inner-section elementor-element elementor-element-ce2d5b9 elementor-section-full_width elementor-section-height-default elementor-section-height-default\" data-id=\"ce2d5b9\" data-element_type=\"section\">\n\t\t\t\t\t\t<div class=\"elementor-container elementor-column-gap-extended\">\n\t\t\t\t\t<div class=\"elementor-column elementor-col-100 elementor-inner-column elementor-element elementor-element-a50b452\" data-id=\"a50b452\" data-element_type=\"column\">\n\t\t\t<div class=\"elementor-widget-wrap elementor-element-populated\">\n\t\t\t\t\t\t\t\t<div class=\"elementor-element elementor-element-24d7d3b elementor-widget elementor-widget-omexer-webinar-box\" data-id=\"24d7d3b\" data-element_type=\"widget\" data-widget_type=\"omexer-webinar-box.default\">\n\t\t\t\t<div class=\"elementor-widget-container\">\n\t\t\t        <div class=\"webinar-box-wrap\">\n\t\t\t            <div class=\"webinar-img\">\n\t\t\t\t<img decoding=\"async\" src=\"https:\/\/centrum-konwersacji.com\/\/wp-content\/uploads\/2023\/05\/IMG_6774-scaled-e1686034825941.jpg\" alt=\"\">\n            <\/div>\n\t\t\t\t\t\t            <div class=\"webinar-content\">\n\t\t\t\t\t\t\t\t\t\t\t\t\t                \t<h3><a href=\"https:\/\/centrum-konwersacji.com\/\/?page_id=913\">Zaj\u0119cia indywidualne<\/a><\/h3>\n\t\t\t\t\t\t\t\t\t\t\t\t\t\t\t\t\t\t\t\t\t<p>Spersonalizowane lekcje z 6 j\u0119zyk\u00f3w obcych: czy konwersacje, egzamin maturalny, certyfikat, edukacja domowa, czy rozmowa kwalifikacyjna - Ty wybierasz!<\/p>\n\t\t\t\t\t\t\t\t\t\t\t\t<div class=\"webinar-btn\">\n\t\t\t\t\t\t\t\t\t\t<a href=\"https:\/\/centrum-konwersacji.com\/\/?page_id=913\"  >Zapytaj o ofert\u0119<\/a>\n\t\t\t\t<\/div>\n\t\t\t\t            <\/div>\n\t\t\t        <\/div>\n        \t\t<\/div>\n\t\t\t\t<\/div>\n\t\t\t\t\t<\/div>\n\t\t<\/div>\n\t\t\t\t\t\t\t<\/div>\n\t\t<\/section>\n\t\t\t\t<section class=\"elementor-section elementor-inner-section elementor-element elementor-element-da9a4f6 elementor-section-full_width elementor-section-height-default elementor-section-height-default\" data-id=\"da9a4f6\" data-element_type=\"section\">\n\t\t\t\t\t\t<div class=\"elementor-container elementor-column-gap-extended\">\n\t\t\t\t\t<div class=\"elementor-column elementor-col-100 elementor-inner-column elementor-element elementor-element-1e56f50\" data-id=\"1e56f50\" data-element_type=\"column\">\n\t\t\t<div class=\"elementor-widget-wrap elementor-element-populated\">\n\t\t\t\t\t\t\t\t<div class=\"elementor-element elementor-element-c16cfcd elementor-widget elementor-widget-omexer-webinar-box\" data-id=\"c16cfcd\" data-element_type=\"widget\" data-widget_type=\"omexer-webinar-box.default\">\n\t\t\t\t<div class=\"elementor-widget-container\">\n\t\t\t        <div class=\"webinar-box-wrap\">\n\t\t\t            <div class=\"webinar-img\">\n\t\t\t\t<img decoding=\"async\" src=\"https:\/\/centrum-konwersacji.com\/\/wp-content\/uploads\/2023\/05\/IMG_4172-scaled.jpg\" alt=\"\">\n            <\/div>\n\t\t\t\t\t\t            <div class=\"webinar-content\">\n\t\t\t\t\t\t\t\t\t\t\t\t\t                \t<h3><a href=\"https:\/\/centrum-konwersacji.com\/\/?page_id=913\">Zaj\u0119cia online<\/a><\/h3>\n\t\t\t\t\t\t\t\t\t\t\t\t\t\t\t\t\t\t\t\t\t<p>Lekcje z 6 j\u0119zyk\u00f3w obcych, na wszystkich poziomach zaawansowania, o dowolnej tematyce lub zorientowane na konkretny cel j\u0119zykowy.<\/p>\n\t\t\t\t\t\t\t\t\t\t\t\t<div class=\"webinar-btn\">\n\t\t\t\t\t\t\t\t\t\t<a href=\"https:\/\/centrum-konwersacji.com\/\/?page_id=913\"  >Zapytaj o ofert\u0119<\/a>\n\t\t\t\t<\/div>\n\t\t\t\t            <\/div>\n\t\t\t        <\/div>\n        \t\t<\/div>\n\t\t\t\t<\/div>\n\t\t\t\t\t<\/div>\n\t\t<\/div>\n\t\t\t\t\t\t\t<\/div>\n\t\t<\/section>\n\t\t\t\t<section class=\"elementor-section elementor-inner-section elementor-element elementor-element-7dab3d7 elementor-section-full_width elementor-section-height-default elementor-section-height-default\" data-id=\"7dab3d7\" data-element_type=\"section\">\n\t\t\t\t\t\t<div class=\"elementor-container elementor-column-gap-extended\">\n\t\t\t\t\t<div class=\"elementor-column elementor-col-100 elementor-inner-column elementor-element elementor-element-a090bd5\" data-id=\"a090bd5\" data-element_type=\"column\">\n\t\t\t<div class=\"elementor-widget-wrap elementor-element-populated\">\n\t\t\t\t\t\t\t\t<div class=\"elementor-element elementor-element-6b36551 elementor-widget elementor-widget-omexer-webinar-box\" data-id=\"6b36551\" data-element_type=\"widget\" data-widget_type=\"omexer-webinar-box.default\">\n\t\t\t\t<div class=\"elementor-widget-container\">\n\t\t\t        <div class=\"webinar-box-wrap\">\n\t\t\t            <div class=\"webinar-img\">\n\t\t\t\t<img decoding=\"async\" src=\"https:\/\/centrum-konwersacji.com\/\/wp-content\/uploads\/2023\/05\/Nowa-matura_artykul-e1686033711516.png\" alt=\"\">\n            <\/div>\n\t\t\t\t\t\t            <div class=\"webinar-content\">\n\t\t\t\t\t\t\t\t\t\t\t\t\t                \t<h3><a href=\"https:\/\/centrum-konwersacji.com\/\/?page_id=913\">Egzaminy i certyfikaty j\u0119zykowe<\/a><\/h3>\n\t\t\t\t\t\t\t\t\t\t\t\t\t\t\t\t\t\t\t\t\t<p>Przygotowanie do pisemnego i ustnego egzaminu maturalnego z j\u0119zyka obcego, egzaminu 8-klasisty, egzaminu z lektoratu uniwersyteckiego, egzamin\u00f3w z j\u0119zyk\u00f3w specjalistycznych (Business English, prawniczy, medyczny), egzamin\u00f3w z certyfikat\u00f3w j\u0119zykowych (m.in. certyfikaty Cambridge, IELTS, TOEFL, DELE, DELF, DALF, ZD, CELI\u2026).<\/p>\n\t\t\t\t\t\t\t\t\t\t\t\t<div class=\"webinar-btn\">\n\t\t\t\t\t\t\t\t\t\t<a href=\"https:\/\/centrum-konwersacji.com\/\/?page_id=913\"  >Zapytaj o ofert\u0119<\/a>\n\t\t\t\t<\/div>\n\t\t\t\t            <\/div>\n\t\t\t        <\/div>\n        \t\t<\/div>\n\t\t\t\t<\/div>\n\t\t\t\t\t<\/div>\n\t\t<\/div>\n\t\t\t\t\t\t\t<\/div>\n\t\t<\/section>\n\t\t\t\t<section class=\"elementor-section elementor-inner-section elementor-element elementor-element-a201292 elementor-section-full_width elementor-section-height-default elementor-section-height-default\" data-id=\"a201292\" data-element_type=\"section\">\n\t\t\t\t\t\t<div class=\"elementor-container elementor-column-gap-extended\">\n\t\t\t\t\t<div class=\"elementor-column elementor-col-100 elementor-inner-column elementor-element elementor-element-539eb9b\" data-id=\"539eb9b\" data-element_type=\"column\">\n\t\t\t<div class=\"elementor-widget-wrap elementor-element-populated\">\n\t\t\t\t\t\t\t\t<div class=\"elementor-element elementor-element-56f8699 elementor-widget elementor-widget-omexer-webinar-box\" data-id=\"56f8699\" data-element_type=\"widget\" data-widget_type=\"omexer-webinar-box.default\">\n\t\t\t\t<div class=\"elementor-widget-container\">\n\t\t\t        <div class=\"webinar-box-wrap\">\n\t\t\t            <div class=\"webinar-img\">\n\t\t\t\t<img decoding=\"async\" src=\"https:\/\/centrum-konwersacji.com\/\/wp-content\/uploads\/2023\/06\/20200606_profilowe.jpg\" alt=\"\">\n            <\/div>\n\t\t\t\t\t\t            <div class=\"webinar-content\">\n\t\t\t\t\t\t\t\t\t\t\t\t\t                \t<h3><a href=\"https:\/\/centrum-konwersacji.com\/\/?page_id=913\">J\u0119zyki specjalistyczne<\/a><\/h3>\n\t\t\t\t\t\t\t\t\t\t\t\t\t\t\t\t\t\t\t\t\t<p>Zaj\u0119cia Business English, Legal English i j\u0119zyk angielski w medycynie.<\/p>\n\t\t\t\t\t\t\t\t\t\t\t\t<div class=\"webinar-btn\">\n\t\t\t\t\t\t\t\t\t\t<a href=\"https:\/\/centrum-konwersacji.com\/\/?page_id=913\"  >Zapytaj o ofert\u0119<\/a>\n\t\t\t\t<\/div>\n\t\t\t\t            <\/div>\n\t\t\t        <\/div>\n        \t\t<\/div>\n\t\t\t\t<\/div>\n\t\t\t\t\t<\/div>\n\t\t<\/div>\n\t\t\t\t\t\t\t<\/div>\n\t\t<\/section>\n\t\t\t\t<section class=\"elementor-section elementor-inner-section elementor-element elementor-element-32f38b7 elementor-section-full_width elementor-section-height-default elementor-section-height-default\" data-id=\"32f38b7\" data-element_type=\"section\">\n\t\t\t\t\t\t<div class=\"elementor-container elementor-column-gap-extended\">\n\t\t\t\t\t<div class=\"elementor-column elementor-col-100 elementor-inner-column elementor-element elementor-element-f3a8577\" data-id=\"f3a8577\" data-element_type=\"column\">\n\t\t\t<div class=\"elementor-widget-wrap elementor-element-populated\">\n\t\t\t\t\t\t\t\t<div class=\"elementor-element elementor-element-5c17742 elementor-widget elementor-widget-omexer-webinar-box\" data-id=\"5c17742\" data-element_type=\"widget\" data-widget_type=\"omexer-webinar-box.default\">\n\t\t\t\t<div class=\"elementor-widget-container\">\n\t\t\t        <div class=\"webinar-box-wrap\">\n\t\t\t            <div class=\"webinar-img\">\n\t\t\t\t<img decoding=\"async\" src=\"https:\/\/centrum-konwersacji.com\/\/wp-content\/uploads\/2023\/05\/Jezyk-obcy-w-podrozy.png\" alt=\"\">\n            <\/div>\n\t\t\t\t\t\t            <div class=\"webinar-content\">\n\t\t\t\t\t\t\t\t\t\t\t\t\t                \t<h3><a href=\"https:\/\/centrum-konwersacji.com\/\/?page_id=7738\">Mini kursy<\/a><\/h3>\n\t\t\t\t\t\t\t\t\t\t\t\t\t\t\t\t\t\t\t\t\t<p>Spersonalizowane kr\u00f3tkie kursy j\u0119zyka obcego indywidualnie dopasowane d\u0142ugo\u015bci\u0105 i tematyk\u0105 do potrzeb S\u0142uchacza.<\/p>\n\t\t\t\t\t\t\t\t\t\t\t\t<div class=\"webinar-btn\">\n\t\t\t\t\t\t\t\t\t\t<a href=\"https:\/\/centrum-konwersacji.com\/\/?page_id=7738\"  >Zapytaj o ofert\u0119<\/a>\n\t\t\t\t<\/div>\n\t\t\t\t            <\/div>\n\t\t\t        <\/div>\n        \t\t<\/div>\n\t\t\t\t<\/div>\n\t\t\t\t\t<\/div>\n\t\t<\/div>\n\t\t\t\t\t\t\t<\/div>\n\t\t<\/section>\n\t\t\t\t\t<\/div>\n\t\t<\/div>\n\t\t\t\t\t\t\t<\/div>\n\t\t<\/section>\n\t\t\t\t\t\t\t<\/div>\n\t\t","protected":false},"excerpt":{"rendered":"<p>Oferta Na \u017cyczenie S\u0142uchacza mo\u017cemy przygotowa\u0107 niemal dowolny kurs j\u0119zykowy wed\u0142ug konkretnych zainteresowa\u0144 i potrzeb.\u00a0 Konwersacje Zaj\u0119cia skupione na u\u017cywaniu j\u0119zyka obcego w praktyce ze szczeg\u00f3lnym naciskiem na p\u0142ynno\u015b\u0107 i swobod\u0119 wypowiedzi, o dowolnej tematyce dopasowanej do potrzeb i zainteresowa\u0144 S\u0142uchacza, tak\u017ce biznesowej, prawniczej czy logistycznej. Zapytaj o ofert\u0119 Zaj\u0119cia indywidualne Spersonalizowane lekcje z 6 [&hellip;]<\/p>\n","protected":false},"author":1,"featured_media":0,"parent":0,"menu_order":0,"comment_status":"closed","ping_status":"closed","template":"","meta":{"_mi_skip_tracking":false,"footnotes":""},"class_list":["post-7647","page","type-page","status-publish","hentry"],"yoast_head":"<!-- This site is optimized with the Yoast SEO plugin v19.0 - https:\/\/yoast.com\/wordpress\/plugins\/seo\/ -->\n<title>Oferta - Centrum Konwersacji<\/title>\n<meta name=\"robots\" content=\"index, follow, max-snippet:-1, max-image-preview:large, max-video-preview:-1\" \/>\n<link rel=\"canonical\" href=\"https:\/\/centrum-konwersacji.com\/?page_id=7647\" \/>\n<meta property=\"og:locale\" content=\"pl_PL\" \/>\n<meta property=\"og:type\" content=\"article\" \/>\n<meta property=\"og:title\" content=\"Oferta - Centrum Konwersacji\" \/>\n<meta property=\"og:description\" content=\"Oferta Na \u017cyczenie S\u0142uchacza mo\u017cemy przygotowa\u0107 niemal dowolny kurs j\u0119zykowy wed\u0142ug konkretnych zainteresowa\u0144 i potrzeb.\u00a0 Konwersacje Zaj\u0119cia skupione na u\u017cywaniu j\u0119zyka obcego w praktyce ze szczeg\u00f3lnym naciskiem na p\u0142ynno\u015b\u0107 i swobod\u0119 wypowiedzi, o dowolnej tematyce dopasowanej do potrzeb i zainteresowa\u0144 S\u0142uchacza, tak\u017ce biznesowej, prawniczej czy logistycznej. Zapytaj o ofert\u0119 Zaj\u0119cia indywidualne Spersonalizowane lekcje z 6 [&hellip;]\" \/>\n<meta property=\"og:url\" content=\"https:\/\/centrum-konwersacji.com\/?page_id=7647\" \/>\n<meta property=\"og:site_name\" content=\"Centrum Konwersacji\" \/>\n<meta property=\"article:modified_time\" content=\"2023-06-06T10:29:38+00:00\" \/>\n<meta property=\"og:image\" content=\"https:\/\/centrum-konwersacji.com\/wp-content\/uploads\/2023\/05\/Asia-i-Madzia-scaled.jpg\" \/>\n<meta name=\"twitter:card\" content=\"summary_large_image\" \/>\n<meta name=\"twitter:label1\" content=\"Szacowany czas czytania\" \/>\n\t<meta name=\"twitter:data1\" content=\"1 minuta\" \/>\n<script type=\"application\/ld+json\" class=\"yoast-schema-graph\">{\"@context\":\"https:\/\/schema.org\",\"@graph\":[{\"@type\":\"WebSite\",\"@id\":\"https:\/\/centrum-konwersacji.com\/#website\",\"url\":\"https:\/\/centrum-konwersacji.com\/\",\"name\":\"Centrum Konwersacji\",\"description\":\"Szko\u0142a j\u0119zykowa\",\"potentialAction\":[{\"@type\":\"SearchAction\",\"target\":{\"@type\":\"EntryPoint\",\"urlTemplate\":\"https:\/\/centrum-konwersacji.com\/?s={search_term_string}\"},\"query-input\":\"required name=search_term_string\"}],\"inLanguage\":\"pl-PL\"},{\"@type\":\"ImageObject\",\"inLanguage\":\"pl-PL\",\"@id\":\"https:\/\/centrum-konwersacji.com\/?page_id=7647#primaryimage\",\"url\":\"https:\/\/centrum-konwersacji.com\/wp-content\/uploads\/2023\/05\/Asia-i-Madzia-scaled.jpg\",\"contentUrl\":\"https:\/\/centrum-konwersacji.com\/wp-content\/uploads\/2023\/05\/Asia-i-Madzia-scaled.jpg\",\"width\":2560,\"height\":1697},{\"@type\":\"WebPage\",\"@id\":\"https:\/\/centrum-konwersacji.com\/?page_id=7647#webpage\",\"url\":\"https:\/\/centrum-konwersacji.com\/?page_id=7647\",\"name\":\"Oferta - Centrum Konwersacji\",\"isPartOf\":{\"@id\":\"https:\/\/centrum-konwersacji.com\/#website\"},\"primaryImageOfPage\":{\"@id\":\"https:\/\/centrum-konwersacji.com\/?page_id=7647#primaryimage\"},\"datePublished\":\"2023-05-23T08:09:55+00:00\",\"dateModified\":\"2023-06-06T10:29:38+00:00\",\"breadcrumb\":{\"@id\":\"https:\/\/centrum-konwersacji.com\/?page_id=7647#breadcrumb\"},\"inLanguage\":\"pl-PL\",\"potentialAction\":[{\"@type\":\"ReadAction\",\"target\":[\"https:\/\/centrum-konwersacji.com\/?page_id=7647\"]}]},{\"@type\":\"BreadcrumbList\",\"@id\":\"https:\/\/centrum-konwersacji.com\/?page_id=7647#breadcrumb\",\"itemListElement\":[{\"@type\":\"ListItem\",\"position\":1,\"name\":\"Home\",\"item\":\"https:\/\/centrum-konwersacji.com\/\"},{\"@type\":\"ListItem\",\"position\":2,\"name\":\"Oferta\"}]}]}<\/script>\n<!-- \/ Yoast SEO plugin. -->","yoast_head_json":{"title":"Oferta - Centrum Konwersacji","robots":{"index":"index","follow":"follow","max-snippet":"max-snippet:-1","max-image-preview":"max-image-preview:large","max-video-preview":"max-video-preview:-1"},"canonical":"https:\/\/centrum-konwersacji.com\/?page_id=7647","og_locale":"pl_PL","og_type":"article","og_title":"Oferta - Centrum Konwersacji","og_description":"Oferta Na \u017cyczenie S\u0142uchacza mo\u017cemy przygotowa\u0107 niemal dowolny kurs j\u0119zykowy wed\u0142ug konkretnych zainteresowa\u0144 i potrzeb.\u00a0 Konwersacje Zaj\u0119cia skupione na u\u017cywaniu j\u0119zyka obcego w praktyce ze szczeg\u00f3lnym naciskiem na p\u0142ynno\u015b\u0107 i swobod\u0119 wypowiedzi, o dowolnej tematyce dopasowanej do potrzeb i zainteresowa\u0144 S\u0142uchacza, tak\u017ce biznesowej, prawniczej czy logistycznej. Zapytaj o ofert\u0119 Zaj\u0119cia indywidualne Spersonalizowane lekcje z 6 [&hellip;]","og_url":"https:\/\/centrum-konwersacji.com\/?page_id=7647","og_site_name":"Centrum Konwersacji","article_modified_time":"2023-06-06T10:29:38+00:00","og_image":[{"url":"https:\/\/centrum-konwersacji.com\/wp-content\/uploads\/2023\/05\/Asia-i-Madzia-scaled.jpg"}],"twitter_card":"summary_large_image","twitter_misc":{"Szacowany czas czytania":"1 minuta"},"schema":{"@context":"https:\/\/schema.org","@graph":[{"@type":"WebSite","@id":"https:\/\/centrum-konwersacji.com\/#website","url":"https:\/\/centrum-konwersacji.com\/","name":"Centrum Konwersacji","description":"Szko\u0142a j\u0119zykowa","potentialAction":[{"@type":"SearchAction","target":{"@type":"EntryPoint","urlTemplate":"https:\/\/centrum-konwersacji.com\/?s={search_term_string}"},"query-input":"required name=search_term_string"}],"inLanguage":"pl-PL"},{"@type":"ImageObject","inLanguage":"pl-PL","@id":"https:\/\/centrum-konwersacji.com\/?page_id=7647#primaryimage","url":"https:\/\/centrum-konwersacji.com\/wp-content\/uploads\/2023\/05\/Asia-i-Madzia-scaled.jpg","contentUrl":"https:\/\/centrum-konwersacji.com\/wp-content\/uploads\/2023\/05\/Asia-i-Madzia-scaled.jpg","width":2560,"height":1697},{"@type":"WebPage","@id":"https:\/\/centrum-konwersacji.com\/?page_id=7647#webpage","url":"https:\/\/centrum-konwersacji.com\/?page_id=7647","name":"Oferta - Centrum Konwersacji","isPartOf":{"@id":"https:\/\/centrum-konwersacji.com\/#website"},"primaryImageOfPage":{"@id":"https:\/\/centrum-konwersacji.com\/?page_id=7647#primaryimage"},"datePublished":"2023-05-23T08:09:55+00:00","dateModified":"2023-06-06T10:29:38+00:00","breadcrumb":{"@id":"https:\/\/centrum-konwersacji.com\/?page_id=7647#breadcrumb"},"inLanguage":"pl-PL","potentialAction":[{"@type":"ReadAction","target":["https:\/\/centrum-konwersacji.com\/?page_id=7647"]}]},{"@type":"BreadcrumbList","@id":"https:\/\/centrum-konwersacji.com\/?page_id=7647#breadcrumb","itemListElement":[{"@type":"ListItem","position":1,"name":"Home","item":"https:\/\/centrum-konwersacji.com\/"},{"@type":"ListItem","position":2,"name":"Oferta"}]}]}},"_links":{"self":[{"href":"https:\/\/centrum-konwersacji.com\/index.php?rest_route=\/wp\/v2\/pages\/7647","targetHints":{"allow":["GET"]}}],"collection":[{"href":"https:\/\/centrum-konwersacji.com\/index.php?rest_route=\/wp\/v2\/pages"}],"about":[{"href":"https:\/\/centrum-konwersacji.com\/index.php?rest_route=\/wp\/v2\/types\/page"}],"author":[{"embeddable":true,"href":"https:\/\/centrum-konwersacji.com\/index.php?rest_route=\/wp\/v2\/users\/1"}],"replies":[{"embeddable":true,"href":"https:\/\/centrum-konwersacji.com\/index.php?rest_route=%2Fwp%2Fv2%2Fcomments&post=7647"}],"version-history":[{"count":88,"href":"https:\/\/centrum-konwersacji.com\/index.php?rest_route=\/wp\/v2\/pages\/7647\/revisions"}],"predecessor-version":[{"id":8385,"href":"https:\/\/centrum-konwersacji.com\/index.php?rest_route=\/wp\/v2\/pages\/7647\/revisions\/8385"}],"wp:attachment":[{"href":"https:\/\/centrum-konwersacji.com\/index.php?rest_route=%2Fwp%2Fv2%2Fmedia&parent=7647"}],"curies":[{"name":"wp","href":"https:\/\/api.w.org\/{rel}","templated":true}]}}