{"id":7006,"date":"2023-05-17T13:54:04","date_gmt":"2023-05-17T11:54:04","guid":{"rendered":"https:\/\/server582382.nazwa.pl\/wordpress\/wpn_pierwszainstalacja\/?page_id=7006"},"modified":"2025-09-17T13:01:01","modified_gmt":"2025-09-17T11:01:01","slug":"elementor-7006","status":"publish","type":"page","link":"https:\/\/centrum-konwersacji.com\/?page_id=7006","title":{"rendered":"Ewa"},"content":{"rendered":"\t\t<div data-elementor-type=\"wp-page\" data-elementor-id=\"7006\" class=\"elementor elementor-7006\">\n\t\t\t\t\t\t\t\t\t<section class=\"elementor-section elementor-top-section elementor-element elementor-element-761743c elementor-section-boxed elementor-section-height-default elementor-section-height-default\" data-id=\"761743c\" data-element_type=\"section\">\n\t\t\t\t\t\t<div class=\"elementor-container elementor-column-gap-default\">\n\t\t\t\t\t<div class=\"elementor-column elementor-col-50 elementor-top-column elementor-element elementor-element-0681392\" data-id=\"0681392\" data-element_type=\"column\">\n\t\t\t<div class=\"elementor-widget-wrap elementor-element-populated\">\n\t\t\t\t\t\t\t\t<div class=\"elementor-element elementor-element-773de74 elementor-position-top elementor-vertical-align-top elementor-widget elementor-widget-image-box\" data-id=\"773de74\" data-element_type=\"widget\" data-widget_type=\"image-box.default\">\n\t\t\t\t<div class=\"elementor-widget-container\">\n\t\t\t<style>\/*! elementor - v3.12.2 - 23-04-2023 *\/\n.elementor-widget-image-box .elementor-image-box-content{width:100%}@media (min-width:768px){.elementor-widget-image-box.elementor-position-left .elementor-image-box-wrapper,.elementor-widget-image-box.elementor-position-right .elementor-image-box-wrapper{display:flex}.elementor-widget-image-box.elementor-position-right .elementor-image-box-wrapper{text-align:right;flex-direction:row-reverse}.elementor-widget-image-box.elementor-position-left .elementor-image-box-wrapper{text-align:left;flex-direction:row}.elementor-widget-image-box.elementor-position-top .elementor-image-box-img{margin:auto}.elementor-widget-image-box.elementor-vertical-align-top .elementor-image-box-wrapper{align-items:flex-start}.elementor-widget-image-box.elementor-vertical-align-middle .elementor-image-box-wrapper{align-items:center}.elementor-widget-image-box.elementor-vertical-align-bottom .elementor-image-box-wrapper{align-items:flex-end}}@media (max-width:767px){.elementor-widget-image-box .elementor-image-box-img{margin-left:auto!important;margin-right:auto!important;margin-bottom:15px}}.elementor-widget-image-box .elementor-image-box-img{display:inline-block}.elementor-widget-image-box .elementor-image-box-title a{color:inherit}.elementor-widget-image-box .elementor-image-box-wrapper{text-align:center}.elementor-widget-image-box .elementor-image-box-description{margin:0}<\/style><div class=\"elementor-image-box-wrapper\"><figure class=\"elementor-image-box-img\"><img loading=\"lazy\" decoding=\"async\" width=\"653\" height=\"881\" src=\"https:\/\/centrum-konwersacji.com\/wp-content\/uploads\/2023\/05\/ewa.jpeg\" class=\"attachment-full size-full wp-image-7012\" alt=\"\" srcset=\"https:\/\/centrum-konwersacji.com\/wp-content\/uploads\/2023\/05\/ewa.jpeg 653w, https:\/\/centrum-konwersacji.com\/wp-content\/uploads\/2023\/05\/ewa-222x300.jpeg 222w\" sizes=\"auto, (max-width: 653px) 100vw, 653px\" \/><\/figure><div class=\"elementor-image-box-content\"><h3 class=\"elementor-image-box-title\">Ewa<\/h3><p class=\"elementor-image-box-description\">Lektor j\u0119zyka w\u0142oskiego i angielskiego<\/p><\/div><\/div>\t\t<\/div>\n\t\t\t\t<\/div>\n\t\t\t\t<div class=\"elementor-element elementor-element-e1e671d elementor-align-center elementor-widget elementor-widget-button\" data-id=\"e1e671d\" data-element_type=\"widget\" data-widget_type=\"button.default\">\n\t\t\t\t<div class=\"elementor-widget-container\">\n\t\t\t\t\t<div class=\"elementor-button-wrapper\">\n\t\t\t<a href=\"https:\/\/centrum-konwersacji.com\/\/?page_id=913\" class=\"elementor-button-link elementor-button elementor-size-sm\" role=\"button\">\n\t\t\t\t\t\t<span class=\"elementor-button-content-wrapper\">\n\t\t\t\t\t\t<span class=\"elementor-button-text\">Skontaktuj si\u0119<\/span>\n\t\t<\/span>\n\t\t\t\t\t<\/a>\n\t\t<\/div>\n\t\t\t\t<\/div>\n\t\t\t\t<\/div>\n\t\t\t\t\t<\/div>\n\t\t<\/div>\n\t\t\t\t<div class=\"elementor-column elementor-col-50 elementor-top-column elementor-element elementor-element-f6ad445\" data-id=\"f6ad445\" data-element_type=\"column\">\n\t\t\t<div class=\"elementor-widget-wrap elementor-element-populated\">\n\t\t\t\t\t\t\t\t<div class=\"elementor-element elementor-element-9b6962d elementor-widget elementor-widget-text-editor\" data-id=\"9b6962d\" data-element_type=\"widget\" data-widget_type=\"text-editor.default\">\n\t\t\t\t<div class=\"elementor-widget-container\">\n\t\t\t<style>\/*! elementor - v3.12.2 - 23-04-2023 *\/\n.elementor-widget-text-editor.elementor-drop-cap-view-stacked .elementor-drop-cap{background-color:#69727d;color:#fff}.elementor-widget-text-editor.elementor-drop-cap-view-framed .elementor-drop-cap{color:#69727d;border:3px solid;background-color:transparent}.elementor-widget-text-editor:not(.elementor-drop-cap-view-default) .elementor-drop-cap{margin-top:8px}.elementor-widget-text-editor:not(.elementor-drop-cap-view-default) .elementor-drop-cap-letter{width:1em;height:1em}.elementor-widget-text-editor .elementor-drop-cap{float:left;text-align:center;line-height:1;font-size:50px}.elementor-widget-text-editor .elementor-drop-cap-letter{display:inline-block}<\/style>\t\t\t\t<p style=\"font-weight: 400;\">Ciao!\u00a0Hello!<\/p><p style=\"font-weight: 400;\">Nazywam si\u0119 Ewa Micha\u0142owska i jestem lektork\u0105 j\u0119zyka w\u0142oskiego i angielskiego.\u00a0<\/p><p style=\"font-weight: 400;\">Uczenie j\u0119zyk\u00f3w obcych to dla mnie nie tylko gramatyka i s\u0142\u00f3wka, ale styl \u017cycia i kultura, dlatego ucz\u0119 z pasj\u0105, a moim celem jest zarazi\u0107 ni\u0105 wszystkich s\u0142uchaczy.\u00a0<\/p><p style=\"font-weight: 400;\">Zapraszam na moje zaj\u0119cia, podczas kt\u00f3rych nie tylko nauczymy si\u0119 m\u00f3wi\u0107 po w\u0142osku i angielsku, ale te\u017c poznamy zwyczaje, kultur\u0119 i mentalno\u015b\u0107 u\u017cytkownik\u00f3w obu j\u0119zyk\u00f3w.\u00a0<\/p><p style=\"font-weight: 400;\">Wierz\u0119, \u017ce wsp\u00f3lnie rozpoczniemy wspania\u0142a przygod\u0119 z j\u0119zykiem w\u0142oskim lub angielskim, kt\u00f3ra przyniesie rado\u015b\u0107.\u00a0<\/p>\t\t\t\t\t\t<\/div>\n\t\t\t\t<\/div>\n\t\t\t\t\t<\/div>\n\t\t<\/div>\n\t\t\t\t\t\t\t<\/div>\n\t\t<\/section>\n\t\t\t\t\t\t\t<\/div>\n\t\t","protected":false},"excerpt":{"rendered":"<p>Ewa Lektor j\u0119zyka w\u0142oskiego i angielskiego Skontaktuj si\u0119 Ciao!\u00a0Hello! Nazywam si\u0119 Ewa Micha\u0142owska i jestem lektork\u0105 j\u0119zyka w\u0142oskiego i angielskiego.\u00a0 Uczenie j\u0119zyk\u00f3w obcych to dla mnie nie tylko gramatyka i s\u0142\u00f3wka, ale styl \u017cycia i kultura, dlatego ucz\u0119 z pasj\u0105, a moim celem jest zarazi\u0107 ni\u0105 wszystkich s\u0142uchaczy.\u00a0 Zapraszam na moje zaj\u0119cia, podczas kt\u00f3rych nie [&hellip;]<\/p>\n","protected":false},"author":1,"featured_media":0,"parent":0,"menu_order":0,"comment_status":"closed","ping_status":"closed","template":"","meta":{"_mi_skip_tracking":false,"footnotes":""},"class_list":["post-7006","page","type-page","status-publish","hentry"],"yoast_head":"<!-- This site is optimized with the Yoast SEO plugin v19.0 - https:\/\/yoast.com\/wordpress\/plugins\/seo\/ -->\n<title>Ewa - Centrum Konwersacji<\/title>\n<meta name=\"robots\" content=\"index, follow, max-snippet:-1, max-image-preview:large, max-video-preview:-1\" \/>\n<link rel=\"canonical\" href=\"https:\/\/centrum-konwersacji.com\/?page_id=7006\" \/>\n<meta property=\"og:locale\" content=\"pl_PL\" \/>\n<meta property=\"og:type\" content=\"article\" \/>\n<meta property=\"og:title\" content=\"Ewa - Centrum Konwersacji\" \/>\n<meta property=\"og:description\" content=\"Ewa Lektor j\u0119zyka w\u0142oskiego i angielskiego Skontaktuj si\u0119 Ciao!\u00a0Hello! Nazywam si\u0119 Ewa Micha\u0142owska i jestem lektork\u0105 j\u0119zyka w\u0142oskiego i angielskiego.\u00a0 Uczenie j\u0119zyk\u00f3w obcych to dla mnie nie tylko gramatyka i s\u0142\u00f3wka, ale styl \u017cycia i kultura, dlatego ucz\u0119 z pasj\u0105, a moim celem jest zarazi\u0107 ni\u0105 wszystkich s\u0142uchaczy.\u00a0 Zapraszam na moje zaj\u0119cia, podczas kt\u00f3rych nie [&hellip;]\" \/>\n<meta property=\"og:url\" content=\"https:\/\/centrum-konwersacji.com\/?page_id=7006\" \/>\n<meta property=\"og:site_name\" content=\"Centrum Konwersacji\" \/>\n<meta property=\"article:modified_time\" content=\"2025-09-17T11:01:01+00:00\" \/>\n<meta property=\"og:image\" content=\"https:\/\/centrum-konwersacji.com\/wp-content\/uploads\/2023\/05\/ewa.jpeg\" \/>\n<meta name=\"twitter:card\" content=\"summary_large_image\" \/>\n<meta name=\"twitter:label1\" content=\"Szacowany czas czytania\" \/>\n\t<meta name=\"twitter:data1\" content=\"1 minuta\" \/>\n<script type=\"application\/ld+json\" class=\"yoast-schema-graph\">{\"@context\":\"https:\/\/schema.org\",\"@graph\":[{\"@type\":\"WebSite\",\"@id\":\"https:\/\/centrum-konwersacji.com\/#website\",\"url\":\"https:\/\/centrum-konwersacji.com\/\",\"name\":\"Centrum Konwersacji\",\"description\":\"Szko\u0142a j\u0119zykowa\",\"potentialAction\":[{\"@type\":\"SearchAction\",\"target\":{\"@type\":\"EntryPoint\",\"urlTemplate\":\"https:\/\/centrum-konwersacji.com\/?s={search_term_string}\"},\"query-input\":\"required name=search_term_string\"}],\"inLanguage\":\"pl-PL\"},{\"@type\":\"ImageObject\",\"inLanguage\":\"pl-PL\",\"@id\":\"https:\/\/centrum-konwersacji.com\/?page_id=7006#primaryimage\",\"url\":\"https:\/\/centrum-konwersacji.com\/wp-content\/uploads\/2023\/05\/ewa.jpeg\",\"contentUrl\":\"https:\/\/centrum-konwersacji.com\/wp-content\/uploads\/2023\/05\/ewa.jpeg\",\"width\":653,\"height\":881},{\"@type\":\"WebPage\",\"@id\":\"https:\/\/centrum-konwersacji.com\/?page_id=7006#webpage\",\"url\":\"https:\/\/centrum-konwersacji.com\/?page_id=7006\",\"name\":\"Ewa - Centrum Konwersacji\",\"isPartOf\":{\"@id\":\"https:\/\/centrum-konwersacji.com\/#website\"},\"primaryImageOfPage\":{\"@id\":\"https:\/\/centrum-konwersacji.com\/?page_id=7006#primaryimage\"},\"datePublished\":\"2023-05-17T11:54:04+00:00\",\"dateModified\":\"2025-09-17T11:01:01+00:00\",\"breadcrumb\":{\"@id\":\"https:\/\/centrum-konwersacji.com\/?page_id=7006#breadcrumb\"},\"inLanguage\":\"pl-PL\",\"potentialAction\":[{\"@type\":\"ReadAction\",\"target\":[\"https:\/\/centrum-konwersacji.com\/?page_id=7006\"]}]},{\"@type\":\"BreadcrumbList\",\"@id\":\"https:\/\/centrum-konwersacji.com\/?page_id=7006#breadcrumb\",\"itemListElement\":[{\"@type\":\"ListItem\",\"position\":1,\"name\":\"Home\",\"item\":\"https:\/\/centrum-konwersacji.com\/\"},{\"@type\":\"ListItem\",\"position\":2,\"name\":\"Ewa\"}]}]}<\/script>\n<!-- \/ Yoast SEO plugin. -->","yoast_head_json":{"title":"Ewa - Centrum Konwersacji","robots":{"index":"index","follow":"follow","max-snippet":"max-snippet:-1","max-image-preview":"max-image-preview:large","max-video-preview":"max-video-preview:-1"},"canonical":"https:\/\/centrum-konwersacji.com\/?page_id=7006","og_locale":"pl_PL","og_type":"article","og_title":"Ewa - Centrum Konwersacji","og_description":"Ewa Lektor j\u0119zyka w\u0142oskiego i angielskiego Skontaktuj si\u0119 Ciao!\u00a0Hello! Nazywam si\u0119 Ewa Micha\u0142owska i jestem lektork\u0105 j\u0119zyka w\u0142oskiego i angielskiego.\u00a0 Uczenie j\u0119zyk\u00f3w obcych to dla mnie nie tylko gramatyka i s\u0142\u00f3wka, ale styl \u017cycia i kultura, dlatego ucz\u0119 z pasj\u0105, a moim celem jest zarazi\u0107 ni\u0105 wszystkich s\u0142uchaczy.\u00a0 Zapraszam na moje zaj\u0119cia, podczas kt\u00f3rych nie [&hellip;]","og_url":"https:\/\/centrum-konwersacji.com\/?page_id=7006","og_site_name":"Centrum Konwersacji","article_modified_time":"2025-09-17T11:01:01+00:00","og_image":[{"url":"https:\/\/centrum-konwersacji.com\/wp-content\/uploads\/2023\/05\/ewa.jpeg"}],"twitter_card":"summary_large_image","twitter_misc":{"Szacowany czas czytania":"1 minuta"},"schema":{"@context":"https:\/\/schema.org","@graph":[{"@type":"WebSite","@id":"https:\/\/centrum-konwersacji.com\/#website","url":"https:\/\/centrum-konwersacji.com\/","name":"Centrum Konwersacji","description":"Szko\u0142a j\u0119zykowa","potentialAction":[{"@type":"SearchAction","target":{"@type":"EntryPoint","urlTemplate":"https:\/\/centrum-konwersacji.com\/?s={search_term_string}"},"query-input":"required name=search_term_string"}],"inLanguage":"pl-PL"},{"@type":"ImageObject","inLanguage":"pl-PL","@id":"https:\/\/centrum-konwersacji.com\/?page_id=7006#primaryimage","url":"https:\/\/centrum-konwersacji.com\/wp-content\/uploads\/2023\/05\/ewa.jpeg","contentUrl":"https:\/\/centrum-konwersacji.com\/wp-content\/uploads\/2023\/05\/ewa.jpeg","width":653,"height":881},{"@type":"WebPage","@id":"https:\/\/centrum-konwersacji.com\/?page_id=7006#webpage","url":"https:\/\/centrum-konwersacji.com\/?page_id=7006","name":"Ewa - Centrum Konwersacji","isPartOf":{"@id":"https:\/\/centrum-konwersacji.com\/#website"},"primaryImageOfPage":{"@id":"https:\/\/centrum-konwersacji.com\/?page_id=7006#primaryimage"},"datePublished":"2023-05-17T11:54:04+00:00","dateModified":"2025-09-17T11:01:01+00:00","breadcrumb":{"@id":"https:\/\/centrum-konwersacji.com\/?page_id=7006#breadcrumb"},"inLanguage":"pl-PL","potentialAction":[{"@type":"ReadAction","target":["https:\/\/centrum-konwersacji.com\/?page_id=7006"]}]},{"@type":"BreadcrumbList","@id":"https:\/\/centrum-konwersacji.com\/?page_id=7006#breadcrumb","itemListElement":[{"@type":"ListItem","position":1,"name":"Home","item":"https:\/\/centrum-konwersacji.com\/"},{"@type":"ListItem","position":2,"name":"Ewa"}]}]}},"_links":{"self":[{"href":"https:\/\/centrum-konwersacji.com\/index.php?rest_route=\/wp\/v2\/pages\/7006","targetHints":{"allow":["GET"]}}],"collection":[{"href":"https:\/\/centrum-konwersacji.com\/index.php?rest_route=\/wp\/v2\/pages"}],"about":[{"href":"https:\/\/centrum-konwersacji.com\/index.php?rest_route=\/wp\/v2\/types\/page"}],"author":[{"embeddable":true,"href":"https:\/\/centrum-konwersacji.com\/index.php?rest_route=\/wp\/v2\/users\/1"}],"replies":[{"embeddable":true,"href":"https:\/\/centrum-konwersacji.com\/index.php?rest_route=%2Fwp%2Fv2%2Fcomments&post=7006"}],"version-history":[{"count":18,"href":"https:\/\/centrum-konwersacji.com\/index.php?rest_route=\/wp\/v2\/pages\/7006\/revisions"}],"predecessor-version":[{"id":8919,"href":"https:\/\/centrum-konwersacji.com\/index.php?rest_route=\/wp\/v2\/pages\/7006\/revisions\/8919"}],"wp:attachment":[{"href":"https:\/\/centrum-konwersacji.com\/index.php?rest_route=%2Fwp%2Fv2%2Fmedia&parent=7006"}],"curies":[{"name":"wp","href":"https:\/\/api.w.org\/{rel}","templated":true}]}}