{"id":6994,"date":"2023-05-17T13:43:25","date_gmt":"2023-05-17T11:43:25","guid":{"rendered":"https:\/\/server582382.nazwa.pl\/wordpress\/wpn_pierwszainstalacja\/?page_id=6994"},"modified":"2023-09-10T07:21:09","modified_gmt":"2023-09-10T05:21:09","slug":"elementor-6994","status":"publish","type":"page","link":"https:\/\/centrum-konwersacji.com\/?page_id=6994","title":{"rendered":"Patrycja"},"content":{"rendered":"\t\t<div data-elementor-type=\"wp-page\" data-elementor-id=\"6994\" class=\"elementor elementor-6994\">\n\t\t\t\t\t\t\t\t\t<section class=\"elementor-section elementor-top-section elementor-element elementor-element-ca4e942 elementor-section-boxed elementor-section-height-default elementor-section-height-default\" data-id=\"ca4e942\" data-element_type=\"section\">\n\t\t\t\t\t\t<div class=\"elementor-container elementor-column-gap-default\">\n\t\t\t\t\t<div class=\"elementor-column elementor-col-50 elementor-top-column elementor-element elementor-element-edb9b83\" data-id=\"edb9b83\" data-element_type=\"column\">\n\t\t\t<div class=\"elementor-widget-wrap elementor-element-populated\">\n\t\t\t\t\t\t\t\t<div class=\"elementor-element elementor-element-ffd36d6 elementor-position-top elementor-vertical-align-top elementor-widget elementor-widget-image-box\" data-id=\"ffd36d6\" data-element_type=\"widget\" data-widget_type=\"image-box.default\">\n\t\t\t\t<div class=\"elementor-widget-container\">\n\t\t\t<style>\/*! elementor - v3.12.2 - 23-04-2023 *\/\n.elementor-widget-image-box .elementor-image-box-content{width:100%}@media (min-width:768px){.elementor-widget-image-box.elementor-position-left .elementor-image-box-wrapper,.elementor-widget-image-box.elementor-position-right .elementor-image-box-wrapper{display:flex}.elementor-widget-image-box.elementor-position-right .elementor-image-box-wrapper{text-align:right;flex-direction:row-reverse}.elementor-widget-image-box.elementor-position-left .elementor-image-box-wrapper{text-align:left;flex-direction:row}.elementor-widget-image-box.elementor-position-top .elementor-image-box-img{margin:auto}.elementor-widget-image-box.elementor-vertical-align-top .elementor-image-box-wrapper{align-items:flex-start}.elementor-widget-image-box.elementor-vertical-align-middle .elementor-image-box-wrapper{align-items:center}.elementor-widget-image-box.elementor-vertical-align-bottom .elementor-image-box-wrapper{align-items:flex-end}}@media (max-width:767px){.elementor-widget-image-box .elementor-image-box-img{margin-left:auto!important;margin-right:auto!important;margin-bottom:15px}}.elementor-widget-image-box .elementor-image-box-img{display:inline-block}.elementor-widget-image-box .elementor-image-box-title a{color:inherit}.elementor-widget-image-box .elementor-image-box-wrapper{text-align:center}.elementor-widget-image-box .elementor-image-box-description{margin:0}<\/style><div class=\"elementor-image-box-wrapper\"><figure class=\"elementor-image-box-img\"><img loading=\"lazy\" decoding=\"async\" width=\"1463\" height=\"2146\" src=\"https:\/\/centrum-konwersacji.com\/wp-content\/uploads\/2023\/09\/IMG_2062-scaled-e1694321317779.jpg\" class=\"attachment-full size-full wp-image-8699\" alt=\"\" srcset=\"https:\/\/centrum-konwersacji.com\/wp-content\/uploads\/2023\/09\/IMG_2062-scaled-e1694321317779.jpg 1463w, https:\/\/centrum-konwersacji.com\/wp-content\/uploads\/2023\/09\/IMG_2062-scaled-e1694321317779-205x300.jpg 205w, https:\/\/centrum-konwersacji.com\/wp-content\/uploads\/2023\/09\/IMG_2062-scaled-e1694321317779-698x1024.jpg 698w, https:\/\/centrum-konwersacji.com\/wp-content\/uploads\/2023\/09\/IMG_2062-scaled-e1694321317779-768x1127.jpg 768w, https:\/\/centrum-konwersacji.com\/wp-content\/uploads\/2023\/09\/IMG_2062-scaled-e1694321317779-1047x1536.jpg 1047w, https:\/\/centrum-konwersacji.com\/wp-content\/uploads\/2023\/09\/IMG_2062-scaled-e1694321317779-1396x2048.jpg 1396w\" sizes=\"auto, (max-width: 1463px) 100vw, 1463px\" \/><\/figure><div class=\"elementor-image-box-content\"><h3 class=\"elementor-image-box-title\">Patrycja<\/h3><p class=\"elementor-image-box-description\">Lektor j\u0119zyka w\u0142oskiego i angielskiego<\/p><\/div><\/div>\t\t<\/div>\n\t\t\t\t<\/div>\n\t\t\t\t<div class=\"elementor-element elementor-element-35547bb elementor-align-center elementor-widget elementor-widget-button\" data-id=\"35547bb\" data-element_type=\"widget\" data-widget_type=\"button.default\">\n\t\t\t\t<div class=\"elementor-widget-container\">\n\t\t\t\t\t<div class=\"elementor-button-wrapper\">\n\t\t\t<a href=\"https:\/\/centrum-konwersacji.com\/\/?page_id=913\" class=\"elementor-button-link elementor-button elementor-size-sm\" role=\"button\">\n\t\t\t\t\t\t<span class=\"elementor-button-content-wrapper\">\n\t\t\t\t\t\t<span class=\"elementor-button-text\">Skontaktuj si\u0119<\/span>\n\t\t<\/span>\n\t\t\t\t\t<\/a>\n\t\t<\/div>\n\t\t\t\t<\/div>\n\t\t\t\t<\/div>\n\t\t\t\t\t<\/div>\n\t\t<\/div>\n\t\t\t\t<div class=\"elementor-column elementor-col-50 elementor-top-column elementor-element elementor-element-069566a\" data-id=\"069566a\" data-element_type=\"column\">\n\t\t\t<div class=\"elementor-widget-wrap elementor-element-populated\">\n\t\t\t\t\t\t\t\t<div class=\"elementor-element elementor-element-baac3d9 elementor-widget elementor-widget-text-editor\" data-id=\"baac3d9\" data-element_type=\"widget\" data-widget_type=\"text-editor.default\">\n\t\t\t\t<div class=\"elementor-widget-container\">\n\t\t\t<style>\/*! elementor - v3.12.2 - 23-04-2023 *\/\n.elementor-widget-text-editor.elementor-drop-cap-view-stacked .elementor-drop-cap{background-color:#69727d;color:#fff}.elementor-widget-text-editor.elementor-drop-cap-view-framed .elementor-drop-cap{color:#69727d;border:3px solid;background-color:transparent}.elementor-widget-text-editor:not(.elementor-drop-cap-view-default) .elementor-drop-cap{margin-top:8px}.elementor-widget-text-editor:not(.elementor-drop-cap-view-default) .elementor-drop-cap-letter{width:1em;height:1em}.elementor-widget-text-editor .elementor-drop-cap{float:left;text-align:center;line-height:1;font-size:50px}.elementor-widget-text-editor .elementor-drop-cap-letter{display:inline-block}<\/style>\t\t\t\t<p><span class=\"Apple-converted-space\">Ciao! Hello! <\/span><\/p><p>Nazywam si\u0119 Patrycja i studiuj\u0119 Lingwistyk\u0119 Stosowan\u0105 w kombinacji w\u0142oski-angielski na Uniwersytecie Warszawskim. Pracuj\u0119 z dzie\u0107mi i m\u0142odzie\u017c\u0105 jako wychowawca kolonijny. Jednak j\u0119zyk\u00f3w uczy\u0142am zar\u00f3wno tych najm\u0142odszych, jak i tych troch\u0119 starszych, poniewa\u017c prowadzi\u0142am korepetycje dla dzieci, m\u0142odzie\u017cy i doros\u0142ych, bo na nauk\u0119 nigdy nie jest za p\u00f3\u017ano (ani za wcze\u015bnie!). Przy\u015bwieca mi zasada edukacji szytej na miar\u0119, staram si\u0119 dostosowa\u0107 metody do ucznia, aby ka\u017cda lekcja by\u0142 dla niego owocna. Zawsze szukam ciekawych, anga\u017cuj\u0105cych materia\u0142\u00f3w, staraj\u0105c si\u0119, aby moje lekcje nie by\u0142y nudne. Dbam o przyjazn\u0105 atmosfer\u0119, poniewa\u017c wierz\u0119, \u017ce nauka pod presj\u0105 nie jest efektywna.<\/p>\t\t\t\t\t\t<\/div>\n\t\t\t\t<\/div>\n\t\t\t\t\t<\/div>\n\t\t<\/div>\n\t\t\t\t\t\t\t<\/div>\n\t\t<\/section>\n\t\t\t\t\t\t\t<\/div>\n\t\t","protected":false},"excerpt":{"rendered":"<p>Patrycja Lektor j\u0119zyka w\u0142oskiego i angielskiego Skontaktuj si\u0119 Ciao! Hello! Nazywam si\u0119 Patrycja i studiuj\u0119 Lingwistyk\u0119 Stosowan\u0105 w kombinacji w\u0142oski-angielski na Uniwersytecie Warszawskim. Pracuj\u0119 z dzie\u0107mi i m\u0142odzie\u017c\u0105 jako wychowawca kolonijny. Jednak j\u0119zyk\u00f3w uczy\u0142am zar\u00f3wno tych najm\u0142odszych, jak i tych troch\u0119 starszych, poniewa\u017c prowadzi\u0142am korepetycje dla dzieci, m\u0142odzie\u017cy i doros\u0142ych, bo na nauk\u0119 nigdy nie [&hellip;]<\/p>\n","protected":false},"author":1,"featured_media":0,"parent":0,"menu_order":0,"comment_status":"closed","ping_status":"closed","template":"","meta":{"_mi_skip_tracking":false,"footnotes":""},"class_list":["post-6994","page","type-page","status-publish","hentry"],"yoast_head":"<!-- This site is optimized with the Yoast SEO plugin v19.0 - https:\/\/yoast.com\/wordpress\/plugins\/seo\/ -->\n<title>Patrycja - Centrum Konwersacji<\/title>\n<meta name=\"robots\" content=\"index, follow, max-snippet:-1, max-image-preview:large, max-video-preview:-1\" \/>\n<link rel=\"canonical\" href=\"https:\/\/centrum-konwersacji.com\/?page_id=6994\" \/>\n<meta property=\"og:locale\" content=\"pl_PL\" \/>\n<meta property=\"og:type\" content=\"article\" \/>\n<meta property=\"og:title\" content=\"Patrycja - Centrum Konwersacji\" \/>\n<meta property=\"og:description\" content=\"Patrycja Lektor j\u0119zyka w\u0142oskiego i angielskiego Skontaktuj si\u0119 Ciao! Hello! Nazywam si\u0119 Patrycja i studiuj\u0119 Lingwistyk\u0119 Stosowan\u0105 w kombinacji w\u0142oski-angielski na Uniwersytecie Warszawskim. Pracuj\u0119 z dzie\u0107mi i m\u0142odzie\u017c\u0105 jako wychowawca kolonijny. Jednak j\u0119zyk\u00f3w uczy\u0142am zar\u00f3wno tych najm\u0142odszych, jak i tych troch\u0119 starszych, poniewa\u017c prowadzi\u0142am korepetycje dla dzieci, m\u0142odzie\u017cy i doros\u0142ych, bo na nauk\u0119 nigdy nie [&hellip;]\" \/>\n<meta property=\"og:url\" content=\"https:\/\/centrum-konwersacji.com\/?page_id=6994\" \/>\n<meta property=\"og:site_name\" content=\"Centrum Konwersacji\" \/>\n<meta property=\"article:modified_time\" content=\"2023-09-10T05:21:09+00:00\" \/>\n<meta property=\"og:image\" content=\"https:\/\/centrum-konwersacji.com\/wp-content\/uploads\/2023\/09\/IMG_2062-scaled-e1694321317779.jpg\" \/>\n<meta name=\"twitter:card\" content=\"summary_large_image\" \/>\n<meta name=\"twitter:label1\" content=\"Szacowany czas czytania\" \/>\n\t<meta name=\"twitter:data1\" content=\"1 minuta\" \/>\n<script type=\"application\/ld+json\" class=\"yoast-schema-graph\">{\"@context\":\"https:\/\/schema.org\",\"@graph\":[{\"@type\":\"WebSite\",\"@id\":\"https:\/\/centrum-konwersacji.com\/#website\",\"url\":\"https:\/\/centrum-konwersacji.com\/\",\"name\":\"Centrum Konwersacji\",\"description\":\"Szko\u0142a j\u0119zykowa\",\"potentialAction\":[{\"@type\":\"SearchAction\",\"target\":{\"@type\":\"EntryPoint\",\"urlTemplate\":\"https:\/\/centrum-konwersacji.com\/?s={search_term_string}\"},\"query-input\":\"required name=search_term_string\"}],\"inLanguage\":\"pl-PL\"},{\"@type\":\"ImageObject\",\"inLanguage\":\"pl-PL\",\"@id\":\"https:\/\/centrum-konwersacji.com\/?page_id=6994#primaryimage\",\"url\":\"https:\/\/centrum-konwersacji.com\/wp-content\/uploads\/2023\/09\/IMG_2062-scaled-e1694321317779.jpg\",\"contentUrl\":\"https:\/\/centrum-konwersacji.com\/wp-content\/uploads\/2023\/09\/IMG_2062-scaled-e1694321317779.jpg\",\"width\":1463,\"height\":2146},{\"@type\":\"WebPage\",\"@id\":\"https:\/\/centrum-konwersacji.com\/?page_id=6994#webpage\",\"url\":\"https:\/\/centrum-konwersacji.com\/?page_id=6994\",\"name\":\"Patrycja - Centrum Konwersacji\",\"isPartOf\":{\"@id\":\"https:\/\/centrum-konwersacji.com\/#website\"},\"primaryImageOfPage\":{\"@id\":\"https:\/\/centrum-konwersacji.com\/?page_id=6994#primaryimage\"},\"datePublished\":\"2023-05-17T11:43:25+00:00\",\"dateModified\":\"2023-09-10T05:21:09+00:00\",\"breadcrumb\":{\"@id\":\"https:\/\/centrum-konwersacji.com\/?page_id=6994#breadcrumb\"},\"inLanguage\":\"pl-PL\",\"potentialAction\":[{\"@type\":\"ReadAction\",\"target\":[\"https:\/\/centrum-konwersacji.com\/?page_id=6994\"]}]},{\"@type\":\"BreadcrumbList\",\"@id\":\"https:\/\/centrum-konwersacji.com\/?page_id=6994#breadcrumb\",\"itemListElement\":[{\"@type\":\"ListItem\",\"position\":1,\"name\":\"Home\",\"item\":\"https:\/\/centrum-konwersacji.com\/\"},{\"@type\":\"ListItem\",\"position\":2,\"name\":\"Patrycja\"}]}]}<\/script>\n<!-- \/ Yoast SEO plugin. -->","yoast_head_json":{"title":"Patrycja - Centrum Konwersacji","robots":{"index":"index","follow":"follow","max-snippet":"max-snippet:-1","max-image-preview":"max-image-preview:large","max-video-preview":"max-video-preview:-1"},"canonical":"https:\/\/centrum-konwersacji.com\/?page_id=6994","og_locale":"pl_PL","og_type":"article","og_title":"Patrycja - Centrum Konwersacji","og_description":"Patrycja Lektor j\u0119zyka w\u0142oskiego i angielskiego Skontaktuj si\u0119 Ciao! Hello! Nazywam si\u0119 Patrycja i studiuj\u0119 Lingwistyk\u0119 Stosowan\u0105 w kombinacji w\u0142oski-angielski na Uniwersytecie Warszawskim. Pracuj\u0119 z dzie\u0107mi i m\u0142odzie\u017c\u0105 jako wychowawca kolonijny. Jednak j\u0119zyk\u00f3w uczy\u0142am zar\u00f3wno tych najm\u0142odszych, jak i tych troch\u0119 starszych, poniewa\u017c prowadzi\u0142am korepetycje dla dzieci, m\u0142odzie\u017cy i doros\u0142ych, bo na nauk\u0119 nigdy nie [&hellip;]","og_url":"https:\/\/centrum-konwersacji.com\/?page_id=6994","og_site_name":"Centrum Konwersacji","article_modified_time":"2023-09-10T05:21:09+00:00","og_image":[{"url":"https:\/\/centrum-konwersacji.com\/wp-content\/uploads\/2023\/09\/IMG_2062-scaled-e1694321317779.jpg"}],"twitter_card":"summary_large_image","twitter_misc":{"Szacowany czas czytania":"1 minuta"},"schema":{"@context":"https:\/\/schema.org","@graph":[{"@type":"WebSite","@id":"https:\/\/centrum-konwersacji.com\/#website","url":"https:\/\/centrum-konwersacji.com\/","name":"Centrum Konwersacji","description":"Szko\u0142a j\u0119zykowa","potentialAction":[{"@type":"SearchAction","target":{"@type":"EntryPoint","urlTemplate":"https:\/\/centrum-konwersacji.com\/?s={search_term_string}"},"query-input":"required name=search_term_string"}],"inLanguage":"pl-PL"},{"@type":"ImageObject","inLanguage":"pl-PL","@id":"https:\/\/centrum-konwersacji.com\/?page_id=6994#primaryimage","url":"https:\/\/centrum-konwersacji.com\/wp-content\/uploads\/2023\/09\/IMG_2062-scaled-e1694321317779.jpg","contentUrl":"https:\/\/centrum-konwersacji.com\/wp-content\/uploads\/2023\/09\/IMG_2062-scaled-e1694321317779.jpg","width":1463,"height":2146},{"@type":"WebPage","@id":"https:\/\/centrum-konwersacji.com\/?page_id=6994#webpage","url":"https:\/\/centrum-konwersacji.com\/?page_id=6994","name":"Patrycja - Centrum Konwersacji","isPartOf":{"@id":"https:\/\/centrum-konwersacji.com\/#website"},"primaryImageOfPage":{"@id":"https:\/\/centrum-konwersacji.com\/?page_id=6994#primaryimage"},"datePublished":"2023-05-17T11:43:25+00:00","dateModified":"2023-09-10T05:21:09+00:00","breadcrumb":{"@id":"https:\/\/centrum-konwersacji.com\/?page_id=6994#breadcrumb"},"inLanguage":"pl-PL","potentialAction":[{"@type":"ReadAction","target":["https:\/\/centrum-konwersacji.com\/?page_id=6994"]}]},{"@type":"BreadcrumbList","@id":"https:\/\/centrum-konwersacji.com\/?page_id=6994#breadcrumb","itemListElement":[{"@type":"ListItem","position":1,"name":"Home","item":"https:\/\/centrum-konwersacji.com\/"},{"@type":"ListItem","position":2,"name":"Patrycja"}]}]}},"_links":{"self":[{"href":"https:\/\/centrum-konwersacji.com\/index.php?rest_route=\/wp\/v2\/pages\/6994","targetHints":{"allow":["GET"]}}],"collection":[{"href":"https:\/\/centrum-konwersacji.com\/index.php?rest_route=\/wp\/v2\/pages"}],"about":[{"href":"https:\/\/centrum-konwersacji.com\/index.php?rest_route=\/wp\/v2\/types\/page"}],"author":[{"embeddable":true,"href":"https:\/\/centrum-konwersacji.com\/index.php?rest_route=\/wp\/v2\/users\/1"}],"replies":[{"embeddable":true,"href":"https:\/\/centrum-konwersacji.com\/index.php?rest_route=%2Fwp%2Fv2%2Fcomments&post=6994"}],"version-history":[{"count":12,"href":"https:\/\/centrum-konwersacji.com\/index.php?rest_route=\/wp\/v2\/pages\/6994\/revisions"}],"predecessor-version":[{"id":8714,"href":"https:\/\/centrum-konwersacji.com\/index.php?rest_route=\/wp\/v2\/pages\/6994\/revisions\/8714"}],"wp:attachment":[{"href":"https:\/\/centrum-konwersacji.com\/index.php?rest_route=%2Fwp%2Fv2%2Fmedia&parent=6994"}],"curies":[{"name":"wp","href":"https:\/\/api.w.org\/{rel}","templated":true}]}}