{"id":3,"date":"2023-05-06T12:34:28","date_gmt":"2023-05-06T10:34:28","guid":{"rendered":"https:\/\/server582382.nazwa.pl\/wordpress\/wpn_pierwszainstalacja\/?page_id=3"},"modified":"2023-06-06T13:50:17","modified_gmt":"2023-06-06T11:50:17","slug":"polityka-prywatnosci","status":"publish","type":"page","link":"https:\/\/centrum-konwersacji.com\/?page_id=3","title":{"rendered":"Polityka prywatno\u015bci"},"content":{"rendered":"\t\t<div data-elementor-type=\"wp-page\" data-elementor-id=\"3\" class=\"elementor elementor-3\">\n\t\t\t\t\t\t\t\t\t<section class=\"elementor-section elementor-top-section elementor-element elementor-element-440c3a4b elementor-section-boxed elementor-section-height-default elementor-section-height-default\" data-id=\"440c3a4b\" data-element_type=\"section\">\n\t\t\t\t\t\t<div class=\"elementor-container elementor-column-gap-default\">\n\t\t\t\t\t<div class=\"elementor-column elementor-col-100 elementor-top-column elementor-element elementor-element-6ff0d1b7\" data-id=\"6ff0d1b7\" data-element_type=\"column\">\n\t\t\t<div class=\"elementor-widget-wrap elementor-element-populated\">\n\t\t\t\t\t\t\t\t<div class=\"elementor-element elementor-element-1326cc4 elementor-widget elementor-widget-heading\" data-id=\"1326cc4\" data-element_type=\"widget\" data-widget_type=\"heading.default\">\n\t\t\t\t<div class=\"elementor-widget-container\">\n\t\t\t<style>\/*! elementor - v3.12.2 - 23-04-2023 *\/\n.elementor-heading-title{padding:0;margin:0;line-height:1}.elementor-widget-heading .elementor-heading-title[class*=elementor-size-]>a{color:inherit;font-size:inherit;line-height:inherit}.elementor-widget-heading .elementor-heading-title.elementor-size-small{font-size:15px}.elementor-widget-heading .elementor-heading-title.elementor-size-medium{font-size:19px}.elementor-widget-heading .elementor-heading-title.elementor-size-large{font-size:29px}.elementor-widget-heading .elementor-heading-title.elementor-size-xl{font-size:39px}.elementor-widget-heading .elementor-heading-title.elementor-size-xxl{font-size:59px}<\/style><h2 class=\"elementor-heading-title elementor-size-default\">Polityka prywatno\u015bci<\/h2>\t\t<\/div>\n\t\t\t\t<\/div>\n\t\t\t\t<div class=\"elementor-element elementor-element-1c2f47a8 elementor-widget elementor-widget-text-editor\" data-id=\"1c2f47a8\" data-element_type=\"widget\" data-widget_type=\"text-editor.default\">\n\t\t\t\t<div class=\"elementor-widget-container\">\n\t\t\t<style>\/*! elementor - v3.12.2 - 23-04-2023 *\/\n.elementor-widget-text-editor.elementor-drop-cap-view-stacked .elementor-drop-cap{background-color:#69727d;color:#fff}.elementor-widget-text-editor.elementor-drop-cap-view-framed .elementor-drop-cap{color:#69727d;border:3px solid;background-color:transparent}.elementor-widget-text-editor:not(.elementor-drop-cap-view-default) .elementor-drop-cap{margin-top:8px}.elementor-widget-text-editor:not(.elementor-drop-cap-view-default) .elementor-drop-cap-letter{width:1em;height:1em}.elementor-widget-text-editor .elementor-drop-cap{float:left;text-align:center;line-height:1;font-size:50px}.elementor-widget-text-editor .elementor-drop-cap-letter{display:inline-block}<\/style>\t\t\t\t<p><!-- wp:heading --><\/p>\n<p>Administratorem danych osobowych jest Centrum Konwersacji Sp. z o.o., mieszcz\u0105ce si\u0119 przy ul. Pa\u0144skiej 17\/19, 05-825 Grodzisk Mazowiecki.\u00a0<\/p>\n<p>Dane osobowe b\u0119d\u0105 przetwarzane w celach niezb\u0119dnych do realizacji zaj\u0119\u0107 z wybranego j\u0119zyka obcego (w tym kontakt e-mail oraz telefoniczny).<\/p>\n<p>Dane w tych celach przetwarzane b\u0119d\u0105 na podstawie art. 6 ust. 1 lit. a), b), c) i f) Rozporz\u0105dzenia Parlamentu Europejskiego i Rady (UE) 2016\/679 z dnia 27 kwietnia 2016 roku w sprawie ochrony os\u00f3b fizycznych w zwi\u0105zku z przetwarzaniem danych osobowych i w sprawie swobodnego przep\u0142ywu takich danych oraz uchylenia dyrektywy 95\/46\/WE (RODO). Dane mog\u0105 by\u0107 przetwarzane r\u00f3wnie\u017c w celu przesy\u0142ania informacji handlowych drog\u0105 elektroniczn\u0105 lub wykonywania telefonicznych po\u0142\u0105cze\u0144 w celu marketingu bezpo\u015bredniego \u2013 odpowiednio w zwi\u0105zku z art. 10 ust. 2 Ustawy z dnia 18 lipca 2002 roku o \u015bwiadczeniu us\u0142ug drog\u0105 elektroniczn\u0105 lub art. 172 ust. 1 Ustawy z dnia 16 lipca 2004 roku \u2013 Prawo Telekomunikacyjne.<\/p>\n<p>Przekazane dane osobowe b\u0119d\u0105 przetwarzane do czasu odwo\u0142ania zgody.<\/p>\n<p>Osoba, kt\u00f3rej dane dotycz\u0105, ma prawo dost\u0119pu do tre\u015bci swoich danych osobowych oraz prawo ich sprostowania, usuni\u0119cia, ograniczenia przetwarzania, prawo do przenoszenia danych, prawo wniesienia sprzeciwu, prawo do cofni\u0119cia zgody w dowolnym momencie bez wp\u0142ywu na zgodno\u015b\u0107 z prawem przetwarzania, kt\u00f3rego dokonano na podstawie zgody przed jej cofni\u0119ciem.<\/p>\n<p>W przypadku stwierdzenia, \u017ce przetwarzanie danych osobowych narusza przepisy RODO, osoba kt\u00f3rej dane dotycz\u0105 ma prawo wnie\u015b\u0107 skarg\u0119 do Generalnego Inspektora Ochrony Danych Osobowych (po 25 maja 2018 r. \u2013 Prezesa Urz\u0119du Ochrony Danych Osobowych).<\/p>\n<div>Podanie danych osobowych i zgoda na ich przetwarzanie s\u0105 dobrowolne.\n<div class=\"yj6qo\">\u00a0<\/div>\n<div class=\"adL\">\u00a0<\/div>\n<\/div>\n<p><!-- \/wp:paragraph --><\/p>\t\t\t\t\t\t<\/div>\n\t\t\t\t<\/div>\n\t\t\t\t\t<\/div>\n\t\t<\/div>\n\t\t\t\t\t\t\t<\/div>\n\t\t<\/section>\n\t\t\t\t\t\t\t<\/div>\n\t\t","protected":false},"excerpt":{"rendered":"<p>Polityka prywatno\u015bci Administratorem danych osobowych jest Centrum Konwersacji Sp. z o.o., mieszcz\u0105ce si\u0119 przy ul. Pa\u0144skiej 17\/19, 05-825 Grodzisk Mazowiecki.\u00a0 Dane osobowe b\u0119d\u0105 przetwarzane w celach niezb\u0119dnych do realizacji zaj\u0119\u0107 z wybranego j\u0119zyka obcego (w tym kontakt e-mail oraz telefoniczny). Dane w tych celach przetwarzane b\u0119d\u0105 na podstawie art. 6 ust. 1 lit. a), b), [&hellip;]<\/p>\n","protected":false},"author":1,"featured_media":0,"parent":0,"menu_order":0,"comment_status":"closed","ping_status":"open","template":"","meta":{"_mi_skip_tracking":false,"footnotes":""},"class_list":["post-3","page","type-page","status-publish","hentry"],"yoast_head":"<!-- This site is optimized with the Yoast SEO plugin v19.0 - https:\/\/yoast.com\/wordpress\/plugins\/seo\/ -->\n<title>Polityka prywatno\u015bci - Centrum Konwersacji<\/title>\n<meta name=\"robots\" content=\"index, follow, max-snippet:-1, max-image-preview:large, max-video-preview:-1\" \/>\n<link rel=\"canonical\" href=\"https:\/\/centrum-konwersacji.com\/?page_id=3\" \/>\n<meta property=\"og:locale\" content=\"pl_PL\" \/>\n<meta property=\"og:type\" content=\"article\" \/>\n<meta property=\"og:title\" content=\"Polityka prywatno\u015bci - Centrum Konwersacji\" \/>\n<meta property=\"og:description\" content=\"Polityka prywatno\u015bci Administratorem danych osobowych jest Centrum Konwersacji Sp. z o.o., mieszcz\u0105ce si\u0119 przy ul. Pa\u0144skiej 17\/19, 05-825 Grodzisk Mazowiecki.\u00a0 Dane osobowe b\u0119d\u0105 przetwarzane w celach niezb\u0119dnych do realizacji zaj\u0119\u0107 z wybranego j\u0119zyka obcego (w tym kontakt e-mail oraz telefoniczny). Dane w tych celach przetwarzane b\u0119d\u0105 na podstawie art. 6 ust. 1 lit. a), b), [&hellip;]\" \/>\n<meta property=\"og:url\" content=\"https:\/\/centrum-konwersacji.com\/?page_id=3\" \/>\n<meta property=\"og:site_name\" content=\"Centrum Konwersacji\" \/>\n<meta property=\"article:modified_time\" content=\"2023-06-06T11:50:17+00:00\" \/>\n<meta name=\"twitter:card\" content=\"summary_large_image\" \/>\n<meta name=\"twitter:label1\" content=\"Szacowany czas czytania\" \/>\n\t<meta name=\"twitter:data1\" content=\"1 minuta\" \/>\n<script type=\"application\/ld+json\" class=\"yoast-schema-graph\">{\"@context\":\"https:\/\/schema.org\",\"@graph\":[{\"@type\":\"WebSite\",\"@id\":\"https:\/\/centrum-konwersacji.com\/#website\",\"url\":\"https:\/\/centrum-konwersacji.com\/\",\"name\":\"Centrum Konwersacji\",\"description\":\"Szko\u0142a j\u0119zykowa\",\"potentialAction\":[{\"@type\":\"SearchAction\",\"target\":{\"@type\":\"EntryPoint\",\"urlTemplate\":\"https:\/\/centrum-konwersacji.com\/?s={search_term_string}\"},\"query-input\":\"required name=search_term_string\"}],\"inLanguage\":\"pl-PL\"},{\"@type\":\"WebPage\",\"@id\":\"https:\/\/centrum-konwersacji.com\/?page_id=3#webpage\",\"url\":\"https:\/\/centrum-konwersacji.com\/?page_id=3\",\"name\":\"Polityka prywatno\u015bci - Centrum Konwersacji\",\"isPartOf\":{\"@id\":\"https:\/\/centrum-konwersacji.com\/#website\"},\"datePublished\":\"2023-05-06T10:34:28+00:00\",\"dateModified\":\"2023-06-06T11:50:17+00:00\",\"breadcrumb\":{\"@id\":\"https:\/\/centrum-konwersacji.com\/?page_id=3#breadcrumb\"},\"inLanguage\":\"pl-PL\",\"potentialAction\":[{\"@type\":\"ReadAction\",\"target\":[\"https:\/\/centrum-konwersacji.com\/?page_id=3\"]}]},{\"@type\":\"BreadcrumbList\",\"@id\":\"https:\/\/centrum-konwersacji.com\/?page_id=3#breadcrumb\",\"itemListElement\":[{\"@type\":\"ListItem\",\"position\":1,\"name\":\"Home\",\"item\":\"https:\/\/centrum-konwersacji.com\/\"},{\"@type\":\"ListItem\",\"position\":2,\"name\":\"Polityka prywatno\u015bci\"}]}]}<\/script>\n<!-- \/ Yoast SEO plugin. -->","yoast_head_json":{"title":"Polityka prywatno\u015bci - Centrum Konwersacji","robots":{"index":"index","follow":"follow","max-snippet":"max-snippet:-1","max-image-preview":"max-image-preview:large","max-video-preview":"max-video-preview:-1"},"canonical":"https:\/\/centrum-konwersacji.com\/?page_id=3","og_locale":"pl_PL","og_type":"article","og_title":"Polityka prywatno\u015bci - Centrum Konwersacji","og_description":"Polityka prywatno\u015bci Administratorem danych osobowych jest Centrum Konwersacji Sp. z o.o., mieszcz\u0105ce si\u0119 przy ul. Pa\u0144skiej 17\/19, 05-825 Grodzisk Mazowiecki.\u00a0 Dane osobowe b\u0119d\u0105 przetwarzane w celach niezb\u0119dnych do realizacji zaj\u0119\u0107 z wybranego j\u0119zyka obcego (w tym kontakt e-mail oraz telefoniczny). Dane w tych celach przetwarzane b\u0119d\u0105 na podstawie art. 6 ust. 1 lit. a), b), [&hellip;]","og_url":"https:\/\/centrum-konwersacji.com\/?page_id=3","og_site_name":"Centrum Konwersacji","article_modified_time":"2023-06-06T11:50:17+00:00","twitter_card":"summary_large_image","twitter_misc":{"Szacowany czas czytania":"1 minuta"},"schema":{"@context":"https:\/\/schema.org","@graph":[{"@type":"WebSite","@id":"https:\/\/centrum-konwersacji.com\/#website","url":"https:\/\/centrum-konwersacji.com\/","name":"Centrum Konwersacji","description":"Szko\u0142a j\u0119zykowa","potentialAction":[{"@type":"SearchAction","target":{"@type":"EntryPoint","urlTemplate":"https:\/\/centrum-konwersacji.com\/?s={search_term_string}"},"query-input":"required name=search_term_string"}],"inLanguage":"pl-PL"},{"@type":"WebPage","@id":"https:\/\/centrum-konwersacji.com\/?page_id=3#webpage","url":"https:\/\/centrum-konwersacji.com\/?page_id=3","name":"Polityka prywatno\u015bci - Centrum Konwersacji","isPartOf":{"@id":"https:\/\/centrum-konwersacji.com\/#website"},"datePublished":"2023-05-06T10:34:28+00:00","dateModified":"2023-06-06T11:50:17+00:00","breadcrumb":{"@id":"https:\/\/centrum-konwersacji.com\/?page_id=3#breadcrumb"},"inLanguage":"pl-PL","potentialAction":[{"@type":"ReadAction","target":["https:\/\/centrum-konwersacji.com\/?page_id=3"]}]},{"@type":"BreadcrumbList","@id":"https:\/\/centrum-konwersacji.com\/?page_id=3#breadcrumb","itemListElement":[{"@type":"ListItem","position":1,"name":"Home","item":"https:\/\/centrum-konwersacji.com\/"},{"@type":"ListItem","position":2,"name":"Polityka prywatno\u015bci"}]}]}},"_links":{"self":[{"href":"https:\/\/centrum-konwersacji.com\/index.php?rest_route=\/wp\/v2\/pages\/3","targetHints":{"allow":["GET"]}}],"collection":[{"href":"https:\/\/centrum-konwersacji.com\/index.php?rest_route=\/wp\/v2\/pages"}],"about":[{"href":"https:\/\/centrum-konwersacji.com\/index.php?rest_route=\/wp\/v2\/types\/page"}],"author":[{"embeddable":true,"href":"https:\/\/centrum-konwersacji.com\/index.php?rest_route=\/wp\/v2\/users\/1"}],"replies":[{"embeddable":true,"href":"https:\/\/centrum-konwersacji.com\/index.php?rest_route=%2Fwp%2Fv2%2Fcomments&post=3"}],"version-history":[{"count":11,"href":"https:\/\/centrum-konwersacji.com\/index.php?rest_route=\/wp\/v2\/pages\/3\/revisions"}],"predecessor-version":[{"id":8400,"href":"https:\/\/centrum-konwersacji.com\/index.php?rest_route=\/wp\/v2\/pages\/3\/revisions\/8400"}],"wp:attachment":[{"href":"https:\/\/centrum-konwersacji.com\/index.php?rest_route=%2Fwp%2Fv2%2Fmedia&parent=3"}],"curies":[{"name":"wp","href":"https:\/\/api.w.org\/{rel}","templated":true}]}}